{"id":1196,"date":"2025-01-24T11:26:25","date_gmt":"2025-01-24T11:26:25","guid":{"rendered":"https:\/\/lena.theloyaltyco.app\/?page_id=1196"},"modified":"2025-07-01T16:14:50","modified_gmt":"2025-07-01T15:14:50","slug":"faqs","status":"publish","type":"page","link":"https:\/\/lenarestaurants.com\/en\/madrid\/faqs\/","title":{"rendered":"FAQs  Madrid"},"content":{"rendered":"<section class=\"wpb-content-wrapper\"><p>[vc_section full_width=&#8221;stretch_row&#8221; el_class=&#8221;hero-wrapper inner-page-hero&#8221; css=&#8221;.vc_custom_1750415727076{background-image: url(https:\/\/lenarestaurants.com\/wp-content\/uploads\/2025\/06\/Luz-calida-en-la-oscuridad.jpg?id=2551) !important;}&#8221;][vc_row el_class=&#8221;content-box container&#8221;][vc_column][vc_custom_heading text=&#8221;{lang en_GB} FAQs {\/lang}{lang es_ES} Preguntas frecuentes {\/lang}&#8221; font_container=&#8221;tag:div|text_align:center&#8221; use_theme_fonts=&#8221;yes&#8221; el_class=&#8221;gdgh1&#8243; el_falang_fake=&#8221;&#8221;][\/vc_column][\/vc_row][\/vc_section][vc_section full_width=&#8221;stretch_row&#8221; el_class=&#8221;faq-wrapper-box-comman&#8221;][vc_row el_class=&#8221;container&#8221;][vc_column][vc_tta_tour][vc_tta_section title_es_es=&#8221;RESERVAS&#8221; title=&#8221;BOOKINGS&#8221; tab_id=&#8221;1732687440055-eff6cb0f-6c2d7361-9b23ef93-62e6&#8243;][vc_custom_heading text=&#8221;{lang en_GB} How can I make a reservation at Le\u00f1a Madrid? {\/lang}{lang es_ES} \u00bfC\u00f3mo puedo hacer una reserva en Le\u00f1a Madrid? {\/lang}&#8221; use_theme_fonts=&#8221;yes&#8221;][vc_column_text content_es_es=&#8221;UHVlZGVzJTIwcmVzZXJ2YXIlMjBhJTIwdHJhdiVDMyVBOXMlMjBkZSUyMG51ZXN0cmElMjB3ZWIlMjBvZmljaWFsJTIwbyUyMGxsYW1hbmRvJTIwYWwlMjAlMkI5MTElMjAwOCUyMDU1JTIwNjY=&#8221;]You can reserve through our official website or by calling +911 08 55 66.[\/vc_column_text][vc_empty_space][vc_custom_heading text=&#8221;{lang en_GB} Is it necessary to book in advance? {\/lang}{lang es_ES} \u00bfEs necesario reservar con antelaci\u00f3n? {\/lang}&#8221; use_theme_fonts=&#8221;yes&#8221;][vc_column_text content_es_es=&#8221;UmVjb21lbmRhbW9zJTIwcmVzZXJ2YXIlMjBjb24lMjBhbnRlbGFjaSVDMyVCM24lMkMlMjBlc3BlY2lhbG1lbnRlJTIwcGFyYSUyMGZpbmVzJTIwZGUlMjBzZW1hbmElMjB5JTIwZCVDMyVBRGFzJTIwZmVzdGl2b3MlMkMlMjB5YSUyMHF1ZSUyMGVsJTIwYWZvcm8lMjBlcyUyMGxpbWl0YWRvLg==&#8221;]We recommend booking in advance, especially for weekends and public holidays, as capacity is limited.[\/vc_column_text][vc_empty_space][vc_custom_heading text=&#8221;{lang en_GB} Do you organize private events? {\/lang}{lang es_ES} \u00bfOrganiz\u00e1is eventos privados? {\/lang}&#8221; use_theme_fonts=&#8221;yes&#8221;][vc_column_text content_es_es=&#8221;UyVDMyVBRCUyQyUyMHBhcmElMjByZXNlcnZhcyUyMGRlJTIwZ3J1cG9zJTIwYSUyMHBhcnRpciUyMGRlJTIwMTIlMjBwZXJzb25hcyUyMG8lMjBsYSUyMGV4Y2x1c2l2aWRhZCUyMGRlbCUyMHJlc3RhdXJhbnRlJTJDJTIwcG9yJTIwZmF2b3IlMkMlMjBjb250YWN0YSUyMGNvbiUyMG51ZXN0cm8lMjBlcXVpcG8lMjBlbiUyMGdydXBvcyU0MGdydXBvZGFuaWdhcmNpYS5jb20u&#8221;]Yes, for group reservations of 12 or more people or for exclusive use of the restaurant, please contact our team at grupos@grupodanigarcia.com.[\/vc_column_text][\/vc_tta_section][vc_tta_section title_es_es=&#8221;GASTRONOM\u00cdA&#8221; title=&#8221;GASTRONOMY&#8221; tab_id=&#8221;1732687538568-c9c799e6-13b87361-9b23ef93-62e6&#8243;][vc_custom_heading text=&#8221;{lang en_GB} What is Le\u00f1a Madrid&#8217;s specialty? {\/lang}{lang es_ES} \u00bfCu\u00e1l es la especialidad de Le\u00f1a Madrid? {\/lang}&#8221; use_theme_fonts=&#8221;yes&#8221;][vc_column_text content_es_es=&#8221;TnVlc3RyYSUyMGVzcGVjaWFsaWRhZCUyMHNvbiUyMGxhcyUyMGJyYXNhcyUyQyUyMGNvcnRlcyUyMHNlbGVjY2lvbmFkb3MlMjB5JTIwdCVDMyVBOWNuaWNhcyUyMGRlJTIwYXNhZG8lMjAlQzMlQkFuaWNhcy4=&#8221;]Our specialty is grilled dishes, selected cuts, and unique roasting techniques.[\/vc_column_text][vc_empty_space][vc_custom_heading text=&#8221;{lang en_GB} Are there options for vegetarians and vegans? {\/lang}{lang es_ES} S\u00ed, contamos con opciones dise\u00f1adas para vegetarianos y veganos en nuestra carta.<br \/>\n{\/lang}&#8221; use_theme_fonts=&#8221;yes&#8221;][vc_column_text content_es_es=&#8221;UyVDMyVBRCUyQyUyMGNvbnRhbW9zJTIwY29uJTIwb3BjaW9uZXMlMjBkaXNlJUMzJUIxYWRhcyUyMHBhcmElMjB2ZWdldGFyaWFub3MlMjB5JTIwdmVnYW5vcyUyMGVuJTIwbnVlc3RyYSUyMGNhcnRhLg==&#8221;]Yes, we offer options specifically designed for vegetarians and vegans on our menu.[\/vc_column_text][vc_empty_space][vc_custom_heading text=&#8221;{lang en_GB} Can I see the menu before my visit? {\/lang}{lang es_ES} \u00bfPuedo ver el men\u00fa antes de mi visita? {\/lang}&#8221; use_theme_fonts=&#8221;yes&#8221;][vc_column_text content_es_es=&#8221;UyVDMyVBRCUyQyUyMHB1ZWRlcyUyMGNvbnN1bHRhciUyMG51ZXN0cm8lMjBtZW4lQzMlQkElMjBlbiUyMGxhJTIwc2VjY2klQzMlQjNuJTIwJTIyQ2FydGElMjIlMjBkZSUyMGxhJTIwd2ViLg==&#8221;]Yes, you can check our menu in the &#8220;Menu&#8221; section of our website.[\/vc_column_text][\/vc_tta_section][vc_tta_section title_es_es=&#8221;INFORMACI\u00d3N&#8221; title=&#8221;INFORMATION&#8221; tab_id=&#8221;1732687538096-3d607e3f-cc587361-9b23ef93-62e6&#8243;][vc_custom_heading text=&#8221;{lang en_GB} Where is Le\u00f1a Madrid located? {\/lang}{lang es_ES} \u00bfD\u00f3nde est\u00e1 ubicado Le\u00f1a Madrid? {\/lang}&#8221; use_theme_fonts=&#8221;yes&#8221;][vc_column_text content_es_es=&#8221;SG90ZWwlMjBIeWF0dCUyMFJlZ2VuY3klMjBIZXNwZXJpYSUyME1hZHJpZCUyQyUyMFAlQzIlQkElMjBkZSUyMGxhJTIwQ2FzdGVsbGFuYSUyMDU3JTBBMjgwNDYlMjBNYWRyaWQ=&#8221;]Hotel Hyatt Regency Hesperia Madrid, P\u00ba de la Castellana 57<br \/>\n28046 Madrid[\/vc_column_text][vc_empty_space][vc_custom_heading text=&#8221;{lang en_GB} What are the opening hours? {\/lang}{lang es_ES} \u00bfCu\u00e1les son los horarios de apertura? {\/lang}&#8221; use_theme_fonts=&#8221;yes&#8221;][vc_column_text content_es_es=&#8221;RXN0YW1vcyUyMGFiaWVydG9zJTIwZGUlMjBsdW5lcyUyMGElMjBkb21pbmdvJTNBJTBBQWxtdWVyem8lM0ElMjAxMyUzQTAwJTIwLSUyMDE2JTNBMDAlMEFDZW5hJTNBJTIwMTklM0EzMCUyMC0lMjAwMCUzQTAw&#8221;]We are open from Monday to Sunday:<br \/>\nLunch: 13:00 &#8211; 16:00<br \/>\nDinner: 19:30 &#8211; 00:00[\/vc_column_text][\/vc_tta_section][vc_tta_section title_es_es=&#8221;POL\u00cdTICA&#8221; title=&#8221;POLICY&#8221; tab_id=&#8221;1732687537568-1bb5973b-7e877361-9b23ef93-62e6&#8243;][vc_custom_heading text=&#8221;{lang en_GB} Does Le\u00f1a Madrid have a dress code? {\/lang}{lang es_ES} \u00bfLe\u00f1a Madrid tiene un c\u00f3digo de vestimenta? {\/lang}&#8221; use_theme_fonts=&#8221;yes&#8221;][vc_column_text content_es_es=&#8221;UyVDMyVBRCUyQyUyMHJlY29tZW5kYW1vcyUyMHVuJTIwYyVDMyVCM2RpZ28lMjBkZSUyMHZlc3RpbWVudGElMjBzbWFydCUyMGNhc3VhbCUyMHBhcmElMjBkaXNmcnV0YXIlMjBhbCUyMG0lQzMlQTF4aW1vJTIwZGUlMjBsYSUyMGV4cGVyaWVuY2lhLg==&#8221;]Yes, we recommend a smart casual dress code to fully enjoy the experience.[\/vc_column_text][vc_empty_space][vc_custom_heading text=&#8221;{lang en_GB} Are pets allowed? {\/lang}{lang es_ES} \u00bfSe admiten mascotas? {\/lang}&#8221; use_theme_fonts=&#8221;yes&#8221;][vc_column_text content_es_es=&#8221;UG9yJTIwbm9ybWF0aXZhJTJDJTIwbm8lMjBzZSUyMHBlcm1pdGVuJTIwbWFzY290YXMlMjBlbiUyMGVsJTIwcmVzdGF1cmFudGUlMkMlMjBleGNlcHRvJTIwcGVycm9zJTIwZ3UlQzMlQURhLg==&#8221;]As per regulations, pets are not allowed in the restaurant, except for guide dogs.[\/vc_column_text][vc_empty_space][vc_custom_heading text=&#8221;{lang en_GB} Can I bring my own wine? {\/lang}{lang es_ES} \u00bfPuedo llevar mi propio vino? {\/lang}&#8221; use_theme_fonts=&#8221;yes&#8221;][vc_column_text content_es_es=&#8221;UyVDMyVBRCUyQyUyMGVuJTIwY2Fzb3MlMjBtdXklMjBwdW50dWFsZXMlMjB5JTIwY29uJTIwdW4lMjBjYXJnbyUyMHBvciUyMGRlc2NvcmNoZS4lMjBQb3IlMjBmYXZvciUyQyUyMGNvbnMlQzMlQkFsdGVub3MlMjBhbnRlcyUyMGRlJTIwdHUlMjB2aXNpdGEu&#8221;]Yes, in very specific cases and with a corkage fee. Please check with us before your visit.[\/vc_column_text][\/vc_tta_section][\/vc_tta_tour][\/vc_column][\/vc_row][\/vc_section][vc_section el_class=&#8221;instagram-wrapper-box&#8221;][vc_row][vc_column][vc_single_image image=&#8221;97&#8243; img_size=&#8221;full&#8221; alignment=&#8221;center&#8221;][\/vc_column][\/vc_row][\/vc_section]<\/p>\n<\/section>","protected":false},"excerpt":{"rendered":"<p>[vc_section full_width=&#8221;stretch_row&#8221; el_class=&#8221;hero-wrapper inner-page-hero&#8221; css=&#8221;.vc_custom_1750415727076{background-image: url(https:\/\/lenarestaurants.com\/wp-content\/uploads\/2025\/06\/Luz-calida-en-la-oscuridad.jpg?id=2551) !important;}&#8221;][vc_row el_class=&#8221;content-box container&#8221;][vc_column][vc_custom_heading text=&#8221;{lang en_GB} FAQs {\/lang}{lang es_ES} Preguntas frecuentes {\/lang}&#8221; font_container=&#8221;tag:div|text_align:center&#8221; use_theme_fonts=&#8221;yes&#8221; el_class=&#8221;gdgh1&#8243; el_falang_fake=&#8221;&#8221;][\/vc_column][\/vc_row][\/vc_section][vc_section full_width=&#8221;stretch_row&#8221; el_class=&#8221;faq-wrapper-box-comman&#8221;][vc_row el_class=&#8221;container&#8221;][vc_column][vc_tta_tour][vc_tta_section title_es_es=&#8221;RESERVAS&#8221; title=&#8221;BOOKINGS&#8221; tab_id=&#8221;1732687440055-eff6cb0f-6c2d7361-9b23ef93-62e6&#8243;][vc_custom_heading text=&#8221;{lang en_GB} How can I make a reservation at Le\u00f1a Madrid? {\/lang}{lang es_ES} \u00bfC\u00f3mo puedo hacer una reserva en Le\u00f1a Madrid? {\/lang}&#8221; use_theme_fonts=&#8221;yes&#8221;][vc_column_text content_es_es=&#8221;UHVlZGVzJTIwcmVzZXJ2YXIlMjBhJTIwdHJhdiVDMyVBOXMlMjBkZSUyMG51ZXN0cmElMjB3ZWIlMjBvZmljaWFsJTIwbyUyMGxsYW1hbmRvJTIwYWwlMjAlMkI5MTElMjAwOCUyMDU1JTIwNjY=&#8221;]You can reserve through our&hellip; <a class=\"more-link\" href=\"https:\/\/lenarestaurants.com\/en\/madrid\/faqs\/\">Continue reading <span class=\"screen-reader-text\">FAQs  Madrid<\/span><\/a><\/p>\n","protected":false},"author":1,"featured_media":0,"parent":1194,"menu_order":26,"comment_status":"closed","ping_status":"closed","template":"","meta":{"footnotes":""},"class_list":["post-1196","page","type-page","status-publish","hentry","entry"],"_links":{"self":[{"href":"https:\/\/lenarestaurants.com\/en\/wp-json\/wp\/v2\/pages\/1196","targetHints":{"allow":["GET"]}}],"collection":[{"href":"https:\/\/lenarestaurants.com\/en\/wp-json\/wp\/v2\/pages"}],"about":[{"href":"https:\/\/lenarestaurants.com\/en\/wp-json\/wp\/v2\/types\/page"}],"author":[{"embeddable":true,"href":"https:\/\/lenarestaurants.com\/en\/wp-json\/wp\/v2\/users\/1"}],"replies":[{"embeddable":true,"href":"https:\/\/lenarestaurants.com\/en\/wp-json\/wp\/v2\/comments?post=1196"}],"version-history":[{"count":10,"href":"https:\/\/lenarestaurants.com\/en\/wp-json\/wp\/v2\/pages\/1196\/revisions"}],"predecessor-version":[{"id":2935,"href":"https:\/\/lenarestaurants.com\/en\/wp-json\/wp\/v2\/pages\/1196\/revisions\/2935"}],"up":[{"embeddable":true,"href":"https:\/\/lenarestaurants.com\/en\/wp-json\/wp\/v2\/pages\/1194"}],"wp:attachment":[{"href":"https:\/\/lenarestaurants.com\/en\/wp-json\/wp\/v2\/media?parent=1196"}],"curies":[{"name":"wp","href":"https:\/\/api.w.org\/{rel}","templated":true}]}}