{"id":1181,"date":"2025-01-24T11:21:39","date_gmt":"2025-01-24T11:21:39","guid":{"rendered":"https:\/\/lena.theloyaltyco.app\/?page_id=1181"},"modified":"2025-09-08T16:34:59","modified_gmt":"2025-09-08T15:34:59","slug":"group-dining","status":"publish","type":"page","link":"https:\/\/lenarestaurants.com\/es\/marbella\/group-dining\/","title":{"rendered":"Eventos y Grupos Le\u00f1a Marbella | Grupo Dani Garc\u00eda"},"content":{"rendered":"<section class=\"wpb-content-wrapper\"><p>[vc_section full_width=\u00bbstretch_row\u00bb el_class=\u00bbhero-wrapper inner-page-hero\u00bb css=\u00bb.vc_custom_1749540652591{background-image: url(https:\/\/lenarestaurants.com\/wp-content\/uploads\/2025\/06\/LNMARB_group-dining__header.jpg?id=2519) !important;}\u00bb][vc_row el_class=\u00bbcontent-box container\u00bb][vc_column][vc_custom_heading text=\u00bb{lang en_GB} GROUP DINING &amp; EVENTS {\/lang}{lang es_ES} GRUPOS Y EVENTOS {\/lang}\u00bb font_container=\u00bbtag:div|text_align:center\u00bb use_theme_fonts=\u00bbyes\u00bb el_class=\u00bbgdgh1&#8243;][\/vc_column][\/vc_row][\/vc_section][vc_section full_width=\u00bbstretch_row\u00bb content_placement=\u00bbmiddle\u00bb el_class=\u00bbmenu-wrapper-box page-pvt mnu\u00bb css=\u00bb.vc_custom_1742904252204{background-color: #0a0a0a !important;background-position: center !important;background-repeat: no-repeat !important;background-size: cover !important;}\u00bb][vc_row content_placement=\u00bbmiddle\u00bb el_class=\u00bbcontainer\u00bb][vc_column width=\u00bb1\/2&#8243; el_class=\u00bbleft-private-details\u00bb][vc_custom_heading text=\u00bb{lang en_GB} GROUP DINING &amp; EVENTS {\/lang}{lang es_ES} GRUPOS Y EVENTOS {\/lang}\u00bb font_container=\u00bbtag:h2|text_align:left|color:%23ffffff\u00bb use_theme_fonts=\u00bbyes\u00bb el_class=\u00bbcomman-heading-style\u00bb][vc_column_text content_es_es=\u00bbJTNDc3Ryb25nJTNFQ29tcGFydGUlMjBtb21lbnRvcyUyMGlub2x2aWRhYmxlcyUyMGVuJTIwTGUlQzMlQjFhJTNDJTJGc3Ryb25nJTNFLiUyME51ZXN0cm8lMjBlc3BhY2lvJTIwZXN0JUMzJUExJTIwZGlzZSVDMyVCMWFkbyUyMHBhcmElMjByZWNpYmlyJTIwYSUyMGdydXBvcyUyMHF1ZSUyMGJ1c2NhbiUyMGRpc2ZydXRhciUyMGRlJTIwJTNDc3Ryb25nJTNFdW5hJTIwZXhwZXJpZW5jaWElMjBnYXN0cm9uJUMzJUIzbWljYSUyMCVDMyVCQW5pY2ElM0MlMkZzdHJvbmclM0UlMkMlMjByb2RlYWRvcyUyMGRlbCUyMGFydGUlMjBkZSUyMGxhcyUyMGJyYXNhcyUyMHklMjBlbCUyMGFtYmllbnRlJTIwbSVDMyVBMXMlMjBleGNsdXNpdm8uJTIwJUMyJUExSGF6JTIwdHUlMjByZXNlcnZhJTIweSUyMGNvbnZpJUMzJUE5cnRlbG8lMjBlbiUyMHVuJTIwZCVDMyVBRGElMjBwYXJhJTIwcmVjb3JkYXIlMjE=\u00bb el_class=\u00bbcomman-content\u00bb]<span data-sheets-root=\"1\">Share unforgettable moments at Le\u00f1a. Our space is designed to welcome groups seeking a <strong>unique gastronomic experience<\/strong>, surrounded by the art of the grill and the most exclusive atmosphere. Make your reservation and <strong>turn it into a day to remember<\/strong>!<\/span>[\/vc_column_text][vc_row_inner][vc_column_inner width=\u00bb1\/6&#8243; offset=\u00bbvc_col-xs-6&#8243;][vc_btn title=\u00bbBook Now\u00bb title_es_es=\u00bbReserva Ya\u00bb link_es_es=\u00bburl:%23reservation_form\u00bb link=\u00bburl:%23reservation_form\u00bb el_class=\u00bbcomman-btn\u00bb][\/vc_column_inner][vc_column_inner width=\u00bb1\/6&#8243; offset=\u00bbvc_col-xs-6&#8243;][\/vc_column_inner][vc_column_inner width=\u00bb1\/6&#8243;][vc_btn title=\u00bb360 Tour\u00bb title_es_es=\u00bb360 Tour\u00bb link_es_es=\u00bburl:https%3A%2F%2Fmy.matterport.com%2Fshow%2F%3Fm%3D9XQK9pLuqnZ\u00bb title_ca=\u00bb360 Tour\u00bb link_ca=\u00bburl:https%3A%2F%2Fmy.matterport.com%2Fshow%2F%3Fm%3D9XQK9pLuqnZ\u00bb link=\u00bburl:https%3A%2F%2Fmy.matterport.com%2Fshow%2F%3Fm%3D9XQK9pLuqnZ|target:_blank\u00bb el_class=\u00bbcomman-btn\u00bb][\/vc_column_inner][vc_column_inner width=\u00bb1\/6&#8243;][\/vc_column_inner][vc_column_inner width=\u00bb1\/6&#8243;][\/vc_column_inner][vc_column_inner width=\u00bb1\/6&#8243;][\/vc_column_inner][\/vc_row_inner][\/vc_column][vc_column width=\u00bb1\/2&#8243; el_class=\u00bbright-slider-wrapper column-img content pt-mobile-comman pt-2&#8243;][vc_single_image image=\u00bb3746&#8243; img_size=\u00bbfull\u00bb alignment=\u00bbright\u00bb][\/vc_column][\/vc_row][\/vc_section][vc_section full_width=\u00bbstretch_row\u00bb el_class=\u00bbprivate-dining-wrapper\u00bb][vc_row el_class=\u00bbcontainer\u00bb][vc_column][vc_custom_heading text=\u00bb{lang en_GB} EVENTS AND EXCLUSIVE HIRE {\/lang}{lang es_ES} RESERVADOS Y EVENTOS {\/lang}{lang ca} ESDEVENIMENTS I EXCLUSIVITATS {\/lang}\u00bb font_container=\u00bbtag:h2|text_align:right\u00bb use_theme_fonts=\u00bbyes\u00bb el_class=\u00bbcomman-heading right-heading\u00bb][vc_column_text content_es_es=\u00bbJTNDc3Ryb25nJTNFRGVzY3VicmUlMjBudWVzdHJvcyUyMGVzcGFjaW9zJTNDJTJGc3Ryb25nJTNFJTIwcGFyYSUyMGNlbGVicmFyJTIwdW5hJTIwb2Nhc2klQzMlQjNuJTIwZXNwZWNpYWwlMjAlM0NzdHJvbmclM0VlbiUyMGdydXBvJTNDJTJGc3Ryb25nJTNFLg==\u00bb content_ca=\u00bbRGVzY29icmVpeCUyMGVscyUyMG5vc3RyZXMlMjBlc3BhaXMlMjBwZXIlMjBjZWxlYnJhciUyMHVuYSUyMG9jYXNpJUMzJUIzJTIwZXNwZWNpYWwlMjBlbiUyMGdydXAu\u00bb el_class=\u00bbcomman-content\u00bb]<span data-sheets-root=\"1\"><strong>Discover our spaces<\/strong> to celebrate a special occasion <strong>as a group<\/strong>.<\/span>[\/vc_column_text][vc_column_text]    <div class=\"slider-one owl-carousel owl-theme\">\n                    <div class=\"item\">\n                <article>\n                    <img decoding=\"async\" width=\"657\" height=\"438\" src=\"https:\/\/lenarestaurants.com\/wp-content\/uploads\/2025\/01\/LNMARB_private-1-2.jpg\" class=\"attachment-full size-full wp-post-image\" alt=\"Le\u00f1a Marbella sal\u00f3n privado\" srcset=\"https:\/\/lenarestaurants.com\/wp-content\/uploads\/2025\/01\/LNMARB_private-1-2.jpg 657w, https:\/\/lenarestaurants.com\/wp-content\/uploads\/2025\/01\/LNMARB_private-1-2-300x200.jpg 300w\" sizes=\"(max-width: 657px) 100vw, 657px\" style=\"width:100%;height:66.67%;max-width:657px;\" title=\"\">                    <div class=\"space_content\">\n                        <h4><a href=\"https:\/\/lenarestaurants.com\/es\/marbella\/group-dining\/private-dining\/\">Reservado<\/a><\/h4>\n                        <p> Conoce nuestro reservado, el lugar ideal para grupos reducidos que desean vivir una experiencia \u00fanica y privada.                        <\/p>\n                                                <div class=\"comman-btn\">\n                            <a href=\"https:\/\/lenarestaurants.com\/es\/marbella\/group-dining\/private-dining\/\">\n                                                                {lang en_GB} See More {\/lang}{lang es_ES} Ver M\u00e1s {\/lang}\n                            <\/a>\n                        <\/div>\n                        \n                    <\/div>\n                <\/article>\n\n\n            <\/div>\n                        <div class=\"item\">\n                <article>\n                    <img decoding=\"async\" width=\"657\" height=\"438\" src=\"https:\/\/lenarestaurants.com\/wp-content\/uploads\/2025\/01\/LNMARB_group.png\" class=\"attachment-full size-full wp-post-image\" alt=\"\" srcset=\"https:\/\/lenarestaurants.com\/wp-content\/uploads\/2025\/01\/LNMARB_group.png 657w, https:\/\/lenarestaurants.com\/wp-content\/uploads\/2025\/01\/LNMARB_group-300x200.png 300w\" sizes=\"(max-width: 657px) 100vw, 657px\" style=\"width:100%;height:66.67%;max-width:657px;\" title=\"\">                    <div class=\"space_content\">\n                        <h4><a href=\"https:\/\/lenarestaurants.com\/es\/marbella\/group-dining\/group-dining\/\">Celebra en grupo<\/a><\/h4>\n                        <p> Rel\u00e1jate en un ambiente c\u00e1lido, donde cada rinc\u00f3n est\u00e1 cuidadosamente dise\u00f1ado para que tu velada sea especial. Se requiere un m\u00ednimo de 12 personas.                        <\/p>\n                                                <div class=\"comman-btn\">\n                            <a href=\"https:\/\/lenarestaurants.com\/es\/marbella\/group-dining\/group-dining\/\">\n                                                                {lang en_GB} See More {\/lang}{lang es_ES} Ver M\u00e1s {\/lang}\n                            <\/a>\n                        <\/div>\n                        \n                    <\/div>\n                <\/article>\n\n\n            <\/div>\n                        <div class=\"item\">\n                <article>\n                    <img decoding=\"async\" width=\"657\" height=\"438\" src=\"https:\/\/lenarestaurants.com\/wp-content\/uploads\/2025\/01\/LNMARB_exclusive-1-2.jpg\" class=\"attachment-full size-full wp-post-image\" alt=\"\" srcset=\"https:\/\/lenarestaurants.com\/wp-content\/uploads\/2025\/01\/LNMARB_exclusive-1-2.jpg 657w, https:\/\/lenarestaurants.com\/wp-content\/uploads\/2025\/01\/LNMARB_exclusive-1-2-300x200.jpg 300w\" sizes=\"(max-width: 657px) 100vw, 657px\" style=\"width:100%;height:66.67%;max-width:657px;\" title=\"\">                    <div class=\"space_content\">\n                        <h4><a href=\"https:\/\/lenarestaurants.com\/es\/marbella\/group-dining\/exclusive-hire\/\">Uso Exclusivo<\/a><\/h4>\n                        <p> Haz de tu evento algo memorable en Le\u00f1a de manera exclusiva, con una capacidad para 110 personas.                        <\/p>\n                                                <div class=\"comman-btn\">\n                            <a href=\"https:\/\/lenarestaurants.com\/es\/marbella\/group-dining\/exclusive-hire\/\">\n                                                                {lang en_GB} See More {\/lang}{lang es_ES} Ver M\u00e1s {\/lang}\n                            <\/a>\n                        <\/div>\n                        \n                    <\/div>\n                <\/article>\n\n\n            <\/div>\n                <\/div>\n    [\/vc_column_text][\/vc_column][\/vc_row][\/vc_section][vc_section full_width=\u00bbstretch_row\u00bb el_class=\u00bbsingle-room-contact-form white-text-calender\u00bb css=\u00bb.vc_custom_1742388270127{background-color: #000000 !important;}\u00bb el_id=\u00bbreservation_form\u00bb][vc_row el_class=\u00bbcontainer\u00bb][vc_column][vc_custom_heading text=\u00bb{lang en_GB} Reservation {\/lang}{lang es_ES} Reserva {\/lang}\u00bb font_container=\u00bbtag:h2|text_align:center\u00bb use_theme_fonts=\u00bbyes\u00bb][\/vc_column][\/vc_row][vc_row el_class=\u00bbcontainer\u00bb][vc_column]\n<div class=\"wpcf7 no-js\" id=\"wpcf7-f1492-o1\" lang=\"en-GB\" dir=\"ltr\" data-wpcf7-id=\"1492\">\n<div class=\"screen-reader-response\"><p role=\"status\" aria-live=\"polite\" aria-atomic=\"true\"><\/p> <ul><\/ul><\/div>\n<form action=\"\/es\/wp-json\/wp\/v2\/pages\/1181#wpcf7-f1492-o1\" method=\"post\" class=\"wpcf7-form init\" aria-label=\"Contact form\" novalidate=\"novalidate\" data-status=\"init\">\n<fieldset class=\"hidden-fields-container\"><input type=\"hidden\" name=\"_wpcf7\" value=\"1492\" \/><input type=\"hidden\" name=\"_wpcf7_version\" value=\"6.1.5\" \/><input type=\"hidden\" name=\"_wpcf7_locale\" value=\"en_GB\" \/><input type=\"hidden\" name=\"_wpcf7_unit_tag\" value=\"wpcf7-f1492-o1\" \/><input type=\"hidden\" name=\"_wpcf7_container_post\" value=\"0\" \/><input type=\"hidden\" name=\"_wpcf7_posted_data_hash\" value=\"\" \/><input type=\"hidden\" name=\"_wpcf7_recaptcha_response\" value=\"\" \/>\n<\/fieldset>\n<div class=\"vc_row wpb_row vc_row-fluid container\">\n\t<div class=\"wpb_column vc_column_container vc_col-sm-5\">\n\t\t<div class=\"vc_column-inner\">\n\t\t\t<div class=\"calendar\">\n\t\t\t<\/div>\n\t\t\t<p><span class=\"wpcf7-form-control-wrap\" data-name=\"text-906\"><input size=\"40\" maxlength=\"400\" class=\"wpcf7-form-control wpcf7-text wpcf7-validates-as-required reservation_date\" aria-required=\"true\" aria-invalid=\"false\" value=\"\" type=\"text\" name=\"text-906\" \/><\/span>\n\t\t\t<\/p>\n\t\t<\/div>\n\t<\/div>\n\t<div class=\"right-contact-form-boxs wpb_column vc_column_container vc_col-sm-7\">\n\t\t<div class=\"vc_column-inner\">\n\t\t\t<div class=\"row\">\n\t\t\t\t<div class=\"col-md-6\">\n\t\t\t\t\t<div class=\"form-widget\">\n\t\t\t\t\t\t<p><span class=\"wpcf7-form-control-wrap\" data-name=\"First-Name\"><input size=\"40\" maxlength=\"400\" class=\"wpcf7-form-control wpcf7-text wpcf7-validates-as-required\" aria-required=\"true\" aria-invalid=\"false\" placeholder=\"First Name\" value=\"\" type=\"text\" name=\"First-Name\" \/><\/span>\n\t\t\t\t\t\t<\/p>\n\t\t\t\t\t<\/div>\n\t\t\t\t<\/div>\n\t\t\t\t<div class=\"col-md-6\">\n\t\t\t\t\t<div class=\"form-widget type-of-enquiry-room\">\n\t\t\t\t\t\t<p><span class=\"wpcf7-form-control-wrap\" data-name=\"select-197\"><select class=\"wpcf7-form-control wpcf7-select wpcf7-validates-as-required\" aria-required=\"true\" aria-invalid=\"false\" name=\"select-197\"><option value=\"Private dining\">Private dining<\/option><option value=\"Group dining\">Group dining<\/option><option value=\"Exclusive hire\">Exclusive hire<\/option><\/select><\/span>\n\t\t\t\t\t\t<\/p>\n\t\t\t\t\t<\/div>\n\t\t\t\t<\/div>\n\t\t\t\t<div class=\"col-md-6\">\n\t\t\t\t\t<div class=\"form-widget\">\n\t\t\t\t\t\t<p><span class=\"wpcf7-form-control-wrap\" data-name=\"Surname\"><input size=\"40\" maxlength=\"400\" class=\"wpcf7-form-control wpcf7-text wpcf7-validates-as-required\" aria-required=\"true\" aria-invalid=\"false\" placeholder=\"Surname\" value=\"\" type=\"text\" name=\"Surname\" \/><\/span>\n\t\t\t\t\t\t<\/p>\n\t\t\t\t\t<\/div>\n\t\t\t\t<\/div>\n\t\t\t\t<div class=\"col-md-6\">\n\t\t\t\t\t<div class=\"form-widget\">\n\t\t\t\t\t\t<p><span class=\"wpcf7-form-control-wrap\" data-name=\"Time\"><input size=\"40\" maxlength=\"400\" class=\"wpcf7-form-control wpcf7-text reservation_time\" aria-invalid=\"false\" placeholder=\"Time\" value=\"\" type=\"text\" name=\"Time\" \/><\/span>\n\t\t\t\t\t\t<\/p>\n\t\t\t\t\t<\/div>\n\t\t\t\t<\/div>\n\t\t\t\t<div class=\"col-md-6\">\n\t\t\t\t\t<div class=\"form-widget\">\n\t\t\t\t\t\t<p><span class=\"wpcf7-form-control-wrap\" data-name=\"email-207\"><input size=\"40\" maxlength=\"400\" class=\"wpcf7-form-control wpcf7-email wpcf7-validates-as-required wpcf7-text wpcf7-validates-as-email\" aria-required=\"true\" aria-invalid=\"false\" placeholder=\"Email\" value=\"\" type=\"email\" name=\"email-207\" \/><\/span>\n\t\t\t\t\t\t<\/p>\n\t\t\t\t\t<\/div>\n\t\t\t\t<\/div>\n\t\t\t\t<div class=\"col-md-6\">\n\t\t\t\t\t<div class=\"form-widget\">\n\t\t\t\t\t\t<p><span class=\"wpcf7-form-control-wrap\" data-name=\"guest\"><input size=\"40\" maxlength=\"400\" class=\"wpcf7-form-control wpcf7-text wpcf7-validates-as-required\" aria-required=\"true\" aria-invalid=\"false\" placeholder=\"Guests\" value=\"\" type=\"text\" name=\"guest\" \/><\/span>\n\t\t\t\t\t\t<\/p>\n\t\t\t\t\t<\/div>\n\t\t\t\t<\/div>\n\t\t\t\t<div class=\"col-md-6\">\n\t\t\t\t\t<div class=\"form-widget\">\n\t\t\t\t\t\t<p><span class=\"wpcf7-form-control-wrap\" data-name=\"Location\"><input size=\"40\" maxlength=\"400\" class=\"wpcf7-form-control wpcf7-text\" aria-invalid=\"false\" value=\"Lena Marbella\" type=\"text\" name=\"Location\" \/><\/span>\n\t\t\t\t\t\t<\/p>\n\t\t\t\t\t<\/div>\n\t\t\t\t<\/div>\n\t\t\t\t<div class=\"col-md-6\">\n\t\t\t\t\t<div class=\"form-widget\">\n\t\t\t\t\t\t<p><span class=\"wpcf7-form-control-wrap\" data-name=\"additional-Info\"><textarea cols=\"40\" rows=\"10\" maxlength=\"2000\" class=\"wpcf7-form-control wpcf7-textarea\" aria-invalid=\"false\" placeholder=\"Additional Information\" name=\"additional-Info\"><\/textarea><\/span>\n\t\t\t\t\t\t<\/p>\n\t\t\t\t\t<\/div>\n\t\t\t\t<\/div>\n\t\t\t\t<div class=\"col-md-6 ml-auto\">\n\t\t\t\t\t<div class=\"sub_btn\">\n\t\t\t\t\t\t<p><input class=\"wpcf7-form-control wpcf7-submit has-spinner\" type=\"submit\" value=\"Submit\" \/>\n\t\t\t\t\t\t<\/p>\n\t\t\t\t\t<\/div>\n\t\t\t\t<\/div>\n\t\t\t<\/div>\n\t\t<\/div>\n\t<\/div>\n<\/div><div class=\"wpcf7-response-output\" aria-hidden=\"true\"><\/div>\n<\/form>\n<\/div>\n[\/vc_column][\/vc_row][\/vc_section][vc_section el_class=\u00bbinstagram-wrapper-box\u00bb][vc_row][vc_column][vc_single_image image=\u00bb97&#8243; img_size=\u00bbfull\u00bb alignment=\u00bbcenter\u00bb][\/vc_column][\/vc_row][\/vc_section]<\/p>\n<\/section>","protected":false},"excerpt":{"rendered":"<p>[vc_section full_width=\u00bbstretch_row\u00bb el_class=\u00bbhero-wrapper inner-page-hero\u00bb css=\u00bb.vc_custom_1749540652591{background-image: url(https:\/\/lenarestaurants.com\/wp-content\/uploads\/2025\/06\/LNMARB_group-dining__header.jpg?id=2519) !important;}\u00bb][vc_row el_class=\u00bbcontent-box container\u00bb][vc_column][vc_custom_heading text=\u00bb{lang en_GB} GROUP DINING &amp; EVENTS {\/lang}{lang es_ES} GRUPOS Y EVENTOS {\/lang}\u00bb font_container=\u00bbtag:div|text_align:center\u00bb use_theme_fonts=\u00bbyes\u00bb el_class=\u00bbgdgh1&#8243;][\/vc_column][\/vc_row][\/vc_section][vc_section full_width=\u00bbstretch_row\u00bb content_placement=\u00bbmiddle\u00bb el_class=\u00bbmenu-wrapper-box page-pvt mnu\u00bb css=\u00bb.vc_custom_1742904252204{background-color: #0a0a0a !important;background-position: center !important;background-repeat: no-repeat !important;background-size: cover !important;}\u00bb][vc_row content_placement=\u00bbmiddle\u00bb el_class=\u00bbcontainer\u00bb][vc_column width=\u00bb1\/2&#8243; el_class=\u00bbleft-private-details\u00bb][vc_custom_heading text=\u00bb{lang en_GB} GROUP DINING &amp; EVENTS {\/lang}{lang es_ES} GRUPOS Y EVENTOS {\/lang}\u00bb font_container=\u00bbtag:h2|text_align:left|color:%23ffffff\u00bb&hellip; <a class=\"more-link\" href=\"https:\/\/lenarestaurants.com\/es\/marbella\/group-dining\/exclusive-hire\/\">Continue reading <span class=\"screen-reader-text\">Uso Exclusivo<\/span><\/a><\/p>\n","protected":false},"author":1,"featured_media":0,"parent":1171,"menu_order":3,"comment_status":"closed","ping_status":"closed","template":"","meta":{"footnotes":""},"class_list":["post-1181","page","type-page","status-publish","hentry","entry"],"_links":{"self":[{"href":"https:\/\/lenarestaurants.com\/es\/wp-json\/wp\/v2\/pages\/1181","targetHints":{"allow":["GET"]}}],"collection":[{"href":"https:\/\/lenarestaurants.com\/es\/wp-json\/wp\/v2\/pages"}],"about":[{"href":"https:\/\/lenarestaurants.com\/es\/wp-json\/wp\/v2\/types\/page"}],"author":[{"embeddable":true,"href":"https:\/\/lenarestaurants.com\/es\/wp-json\/wp\/v2\/users\/1"}],"replies":[{"embeddable":true,"href":"https:\/\/lenarestaurants.com\/es\/wp-json\/wp\/v2\/comments?post=1181"}],"version-history":[{"count":43,"href":"https:\/\/lenarestaurants.com\/es\/wp-json\/wp\/v2\/pages\/1181\/revisions"}],"predecessor-version":[{"id":3966,"href":"https:\/\/lenarestaurants.com\/es\/wp-json\/wp\/v2\/pages\/1181\/revisions\/3966"}],"up":[{"embeddable":true,"href":"https:\/\/lenarestaurants.com\/es\/wp-json\/wp\/v2\/pages\/1171"}],"wp:attachment":[{"href":"https:\/\/lenarestaurants.com\/es\/wp-json\/wp\/v2\/media?parent=1181"}],"curies":[{"name":"wp","href":"https:\/\/api.w.org\/{rel}","templated":true}]}}