{"id":1182,"date":"2025-01-24T11:21:51","date_gmt":"2025-01-24T11:21:51","guid":{"rendered":"https:\/\/lena.theloyaltyco.app\/?page_id=1182"},"modified":"2025-12-17T15:54:25","modified_gmt":"2025-12-17T15:54:25","slug":"menus","status":"publish","type":"page","link":"https:\/\/lenarestaurants.com\/es\/marbella\/menus\/","title":{"rendered":"Men\u00fas Le\u00f1a Marbella | Grupo Dani Garc\u00eda"},"content":{"rendered":"<section class=\"wpb-content-wrapper\"><p>[vc_section full_width=\u00bbstretch_row\u00bb el_class=\u00bbhero-wrapper inner-page-hero\u00bb css=\u00bb.vc_custom_1752831702488{background-image: url(https:\/\/lenarestaurants.com\/wp-content\/uploads\/2025\/07\/Firefly_textura-de-material-oxidado-de-fondo-negro-u-oscuro-con-tintes-color-naranja-que-t-138596-scaled.jpg?id=3284) !important;}\u00bb][vc_row el_class=\u00bbcontent-box container\u00bb][vc_column][vc_custom_heading text=\u00bb{lang en_GB} MENUS {\/lang}{lang es_ES} MEN\u00daS {\/lang}\u00bb font_container=\u00bbtag:div|text_align:center\u00bb use_theme_fonts=\u00bbyes\u00bb el_class=\u00bbgdgh1&#8243;][\/vc_column][\/vc_row][\/vc_section][vc_section full_width=\u00bbstretch_row\u00bb el_class=\u00bbmenu-wrapper-box-list menu-single-animtion\u00bb][vc_row el_class=\u00bbcontainer\u00bb][vc_column][vc_column_text]    <div class=\"row justify-content-center\">\n                    <div class=\"col-md-4\">\n                <article>\n                    <img decoding=\"async\" width=\"505\" height=\"308\" src=\"https:\/\/lenarestaurants.com\/wp-content\/uploads\/2025\/01\/LN_menus_general.jpg\" class=\"attachment-full size-full wp-post-image\" alt=\"\" srcset=\"https:\/\/lenarestaurants.com\/wp-content\/uploads\/2025\/01\/LN_menus_general.jpg 505w, https:\/\/lenarestaurants.com\/wp-content\/uploads\/2025\/01\/LN_menus_general-300x183.jpg 300w\" sizes=\"(max-width: 505px) 100vw, 505px\" style=\"width:100%;height:60.99%;max-width:505px;\" title=\"\">                    <div class=\"space_content\">\n                        <h4>A la carta<\/h4>\n                        <p> Descubre una propuesta que une cortes inigualables con sabores que cautivan.                        <\/p>\n                                                    <div class=\"comman-btn\">\n                                <a href=\"https:\/\/grupodanigarcia.com\/wp-content\/uploads\/CARTAS\/LENA\/MARBELLA\/ES\/LENAMARBELLA_CARTA.pdf\" target=\"_blank\" rel=\"noopener\">Ver Men\u00fa<\/a>\n                            <\/div>\n                        \n                    <\/div>\n                <\/article>\n\n\n            <\/div>\n                        <div class=\"col-md-4\">\n                <article>\n                    <img decoding=\"async\" width=\"505\" height=\"308\" src=\"https:\/\/lenarestaurants.com\/wp-content\/uploads\/2025\/01\/LNMARB_menus_postres.jpg\" class=\"attachment-full size-full wp-post-image\" alt=\"\" srcset=\"https:\/\/lenarestaurants.com\/wp-content\/uploads\/2025\/01\/LNMARB_menus_postres.jpg 505w, https:\/\/lenarestaurants.com\/wp-content\/uploads\/2025\/01\/LNMARB_menus_postres-300x183.jpg 300w\" sizes=\"(max-width: 505px) 100vw, 505px\" style=\"width:100%;height:60.99%;max-width:505px;\" title=\"\">                    <div class=\"space_content\">\n                        <h4>Postres<\/h4>\n                        <p> El broche perfecto para una experiencia a la brasa. Nuestros postres combinan t\u00e9cnica, creatividad y sabor para dejar una huella dulce en el paladar.                        <\/p>\n                                                    <div class=\"comman-btn\">\n                                <a href=\"https:\/\/grupodanigarcia.com\/wp-content\/uploads\/CARTAS\/LENA\/MARBELLA\/ES\/LENAMARBELLA_POSTRES.pdf\" target=\"_blank\" rel=\"noopener\">Ver Men\u00fa<\/a>\n                            <\/div>\n                        \n                    <\/div>\n                <\/article>\n\n\n            <\/div>\n                        <div class=\"col-md-4\">\n                <article>\n                    <img decoding=\"async\" width=\"1731\" height=\"1154\" src=\"https:\/\/lenarestaurants.com\/wp-content\/uploads\/2025\/02\/Alargenos-foto.jpg\" class=\"attachment-full size-full wp-post-image\" alt=\"\" srcset=\"https:\/\/lenarestaurants.com\/wp-content\/uploads\/2025\/02\/Alargenos-foto.jpg 1731w, https:\/\/lenarestaurants.com\/wp-content\/uploads\/2025\/02\/Alargenos-foto-300x200.jpg 300w, https:\/\/lenarestaurants.com\/wp-content\/uploads\/2025\/02\/Alargenos-foto-1024x683.jpg 1024w, https:\/\/lenarestaurants.com\/wp-content\/uploads\/2025\/02\/Alargenos-foto-768x512.jpg 768w, https:\/\/lenarestaurants.com\/wp-content\/uploads\/2025\/02\/Alargenos-foto-1536x1024.jpg 1536w, https:\/\/lenarestaurants.com\/wp-content\/uploads\/2025\/02\/Alargenos-foto-1568x1045.jpg 1568w\" sizes=\"(max-width: 1731px) 100vw, 1731px\" style=\"width:100%;height:66.67%;max-width:1731px;\" title=\"\">                    <div class=\"space_content\">\n                        <h4>Al\u00e9rgenos<\/h4>\n                        <p> Consulta aqu\u00ed todo lo que necesitas saber para disfrutar una experiencia \u00fanica sin\u00a0preocupaciones.                        <\/p>\n                                                    <div class=\"comman-btn\">\n                                <a href=\"https:\/\/grupodanigarcia.com\/wp-content\/uploads\/CARTAS\/LENA\/MARBELLA\/ES\/LENAMARBELLA_CARTA_ALERGENOS.pdf\" target=\"_blank\" rel=\"noopener\">Ver Men\u00fa<\/a>\n                            <\/div>\n                        \n                    <\/div>\n                <\/article>\n\n\n            <\/div>\n                        <div class=\"col-md-4\">\n                <article>\n                    <img decoding=\"async\" width=\"1575\" height=\"1111\" src=\"https:\/\/lenarestaurants.com\/wp-content\/uploads\/2025\/01\/winery.jpg\" class=\"attachment-full size-full wp-post-image\" alt=\"\" srcset=\"https:\/\/lenarestaurants.com\/wp-content\/uploads\/2025\/01\/winery.jpg 1575w, https:\/\/lenarestaurants.com\/wp-content\/uploads\/2025\/01\/winery-300x212.jpg 300w, https:\/\/lenarestaurants.com\/wp-content\/uploads\/2025\/01\/winery-1024x722.jpg 1024w, https:\/\/lenarestaurants.com\/wp-content\/uploads\/2025\/01\/winery-768x542.jpg 768w, https:\/\/lenarestaurants.com\/wp-content\/uploads\/2025\/01\/winery-1536x1083.jpg 1536w, https:\/\/lenarestaurants.com\/wp-content\/uploads\/2025\/01\/winery-1568x1106.jpg 1568w\" sizes=\"(max-width: 1575px) 100vw, 1575px\" style=\"width:100%;height:70.54%;max-width:1575px;\" title=\"\">                    <div class=\"space_content\">\n                        <h4>Bodega<\/h4>\n                        <p> Disfruta de nuestra selecta variedad de vinos, que realzan los sabores de nuestra cocina y acompa\u00f1an cada momento con distinci\u00f3n.                        <\/p>\n                                                    <div class=\"comman-btn\">\n                                <a href=\"https:\/\/grupodanigarcia.com\/wp-content\/uploads\/CARTAS\/LENA\/MARBELLA\/LENAMARBELLA_VINOS.pdf\" target=\"_blank\" rel=\"noopener\">Ver Men\u00fa<\/a>\n                            <\/div>\n                        \n                    <\/div>\n                <\/article>\n\n\n            <\/div>\n                        <div class=\"col-md-4\">\n                <article>\n                    <img decoding=\"async\" width=\"1000\" height=\"1500\" src=\"https:\/\/lenarestaurants.com\/wp-content\/uploads\/2025\/01\/cocktail.jpg\" class=\"attachment-full size-full wp-post-image\" alt=\"\" srcset=\"https:\/\/lenarestaurants.com\/wp-content\/uploads\/2025\/01\/cocktail.jpg 1000w, https:\/\/lenarestaurants.com\/wp-content\/uploads\/2025\/01\/cocktail-200x300.jpg 200w, https:\/\/lenarestaurants.com\/wp-content\/uploads\/2025\/01\/cocktail-683x1024.jpg 683w, https:\/\/lenarestaurants.com\/wp-content\/uploads\/2025\/01\/cocktail-768x1152.jpg 768w\" sizes=\"(max-width: 1000px) 100vw, 1000px\" style=\"width:100%;height:150%;max-width:1000px;\" title=\"\">                    <div class=\"space_content\">\n                        <h4>Bebidas<\/h4>\n                        <p> Sum\u00e9rgete en una exclusiva selecci\u00f3n de c\u00f3cteles de autor y bebidas de alta gama. Cada trago es una experiencia \u00fanica, dise\u00f1ada para realzar y armonizar con los sabores excepcionales de nuestra cocina al fuego.                        <\/p>\n                                                    <div class=\"comman-btn\">\n                                <a href=\"https:\/\/grupodanigarcia.com\/wp-content\/uploads\/CARTAS\/LENA\/MARBELLA\/LENAMARBELLA_BEBIDAS.pdf\" target=\"_blank\" rel=\"noopener\">Ver Men\u00fa<\/a>\n                            <\/div>\n                        \n                    <\/div>\n                <\/article>\n\n\n            <\/div>\n                <\/div>\n    [\/vc_column_text][\/vc_column][\/vc_row][\/vc_section][vc_section full_width=\u00bbstretch_row\u00bb el_class=\u00bbmenu-wrapper-box mnu menu-page-animtion\u00bb css=\u00bb.vc_custom_1748867427574{background-color: #0a0a0a !important;background-position: center !important;background-repeat: no-repeat !important;background-size: cover !important;}\u00bb][vc_row content_placement=\u00bbtop\u00bb el_class=\u00bbcontainer\u00bb][vc_column width=\u00bb1\/2&#8243; el_class=\u00bbtheiaStickySidebar left-private-details column-content leftSidebar\u00bb el_id=\u00bbsidebar-nav\u00bb][vc_custom_heading text=\u00bb{lang en_GB} MENUS {\/lang}{lang es_ES} MEN\u00daS {\/lang}\u00bb font_container=\u00bbtag:h2|text_align:left|color:%23ffffff\u00bb use_theme_fonts=\u00bbyes\u00bb el_class=\u00bbcomman-heading-style\u00bb][vc_column_text content_es_es=\u00bbTGUlQzMlQjFhJTIwc2FiZSUyMCUzQ3N0cm9uZyUzRXJldm9sdWNpb25hciUyMGxvcyUyMGFzYWRvcmVzJTIwdHJhZGljaW9uYWxlcyUzQyUyRnN0cm9uZyUzRSUyMGFsJTIwY29tYmluYXIlMjB0cmFkaWNpJUMzJUIzbiUyMGUlMjBpbm5vdmFjaSVDMyVCM24lMjBjb24lMjBsb3MlMjBwcm9kdWN0b3MlMjBkZSUyMG1lam9yJTIwY2FsaWRhZCUyQyUyMGVuJTIwdW4lMjBlc3BhY2lvJTIwbHVqb3NvJTIweSUyMHNvZmlzdGljYWRvLiUyMCUwQSUzQ2JyJTNFU2UlMjB0cmF0YSUyMGRlJTIwdW4lMjAlM0NzdHJvbmclM0Vjb25jZXB0byUyMGJhc2FkbyUyMGVuJTIwbGFzJTIwYnJhc2FzJTNDJTJGc3Ryb25nJTNFJTJDJTIwZG9uZGUlMjBlbCUyMG0lQzMlQTF4aW1vJTIwcHJvdGFnb25pc21vJTIwbG8lMjBhZHF1aWVyZSUyMGxhJTIwY2FybmUlMjB5JTIwc3VzJTIwZGlmZXJlbnRlcyUyMG1vZG9zJTIwZGUlMjBwcmVwYXJhY2klQzMlQjNuLg==\u00bb el_class=\u00bbcomman-content\u00bb]<strong>Le\u00f1a revolutionizes traditional grill houses <\/strong>by blending tradition and innovation with the finest quality ingredients, all within a luxurious and sophisticated setting.<\/p>\n<p>This concept is centered around <strong>open-fire cooking<\/strong>, where the spotlight is on meat and its various preparation methods.[\/vc_column_text][vc_column_text el_class=\u00bbcomman-content\u00bb][\/vc_column_text][\/vc_column][vc_column width=\u00bb1\/2&#8243; el_class=\u00bbright-slider-wrapper column-img content pt-mobile-comman\u00bb][vc_single_image image=\u00bb2921&#8243; img_size=\u00bbfull\u00bb][\/vc_column][\/vc_row][\/vc_section][vc_section el_class=\u00bbinstagram-wrapper-box\u00bb][vc_row][vc_column][vc_single_image image=\u00bb97&#8243; img_size=\u00bbfull\u00bb alignment=\u00bbcenter\u00bb][\/vc_column][\/vc_row][\/vc_section]<\/p>\n<\/section>","protected":false},"excerpt":{"rendered":"<p>Sum\u00e9rgete en una exclusiva selecci\u00f3n de c\u00f3cteles de autor y bebidas de alta gama. Cada trago es una experiencia \u00fanica, dise\u00f1ada para realzar y armonizar con los sabores excepcionales de nuestra cocina al fuego.<\/p>\n","protected":false},"author":1,"featured_media":0,"parent":1171,"menu_order":1,"comment_status":"closed","ping_status":"closed","template":"","meta":{"footnotes":""},"class_list":["post-1182","page","type-page","status-publish","hentry","entry"],"_links":{"self":[{"href":"https:\/\/lenarestaurants.com\/es\/wp-json\/wp\/v2\/pages\/1182","targetHints":{"allow":["GET"]}}],"collection":[{"href":"https:\/\/lenarestaurants.com\/es\/wp-json\/wp\/v2\/pages"}],"about":[{"href":"https:\/\/lenarestaurants.com\/es\/wp-json\/wp\/v2\/types\/page"}],"author":[{"embeddable":true,"href":"https:\/\/lenarestaurants.com\/es\/wp-json\/wp\/v2\/users\/1"}],"replies":[{"embeddable":true,"href":"https:\/\/lenarestaurants.com\/es\/wp-json\/wp\/v2\/comments?post=1182"}],"version-history":[{"count":27,"href":"https:\/\/lenarestaurants.com\/es\/wp-json\/wp\/v2\/pages\/1182\/revisions"}],"predecessor-version":[{"id":4374,"href":"https:\/\/lenarestaurants.com\/es\/wp-json\/wp\/v2\/pages\/1182\/revisions\/4374"}],"up":[{"embeddable":true,"href":"https:\/\/lenarestaurants.com\/es\/wp-json\/wp\/v2\/pages\/1171"}],"wp:attachment":[{"href":"https:\/\/lenarestaurants.com\/es\/wp-json\/wp\/v2\/media?parent=1182"}],"curies":[{"name":"wp","href":"https:\/\/api.w.org\/{rel}","templated":true}]}}