{"id":1964,"date":"2025-02-14T16:15:13","date_gmt":"2025-02-14T16:15:13","guid":{"rendered":"https:\/\/lena.theloyaltyco.app\/?page_id=1964"},"modified":"2025-07-30T10:18:05","modified_gmt":"2025-07-30T09:18:05","slug":"cancellation-policy","status":"publish","type":"page","link":"https:\/\/lenarestaurants.com\/es\/madrid\/politica-de-cancelacion\/","title":{"rendered":"Pol\u00edtica de cancelaci\u00f3n Le\u00f1a Madrid"},"content":{"rendered":"<section class=\"wpb-content-wrapper\"><p>[vc_section full_width=\u00bbstretch_row\u00bb el_class=\u00bbhero-wrapper inner-page-hero\u00bb css=\u00bb.vc_custom_1750415436923{background-image: url(https:\/\/lenarestaurants.com\/wp-content\/uploads\/2025\/06\/Luz-calida-en-la-oscuridad.jpg?id=2551) !important;}\u00bb][vc_row el_class=\u00bbcontent-box container\u00bb][vc_column][vc_custom_heading text=\u00bb{lang en_GB} CANCELLATION POLICY {\/lang}{lang es_ES} POL\u00cdTICA DE CANCELACI\u00d3N{\/lang}\u00bb font_container=\u00bbtag:div|text_align:center\u00bb use_theme_fonts=\u00bbyes\u00bb el_class=\u00bbgdgh1&#8243;][\/vc_column][\/vc_row][\/vc_section][vc_section full_width=\u00bbstretch_row\u00bb el_class=\u00bbcomman-text-blog\u00bb][vc_row el_class=\u00bbcontainer\u00bb][vc_column][vc_custom_heading text=\u00bb{lang en_GB} BOOKING CONDITIONS FOR LE\u00d1A MADRID<br \/>\n{\/lang}{lang es_ES} CONDICIONES DE RESERVA EN LE\u00d1A MADRID {\/lang}\u00bb font_container=\u00bbtag:h2|text_align:center\u00bb use_theme_fonts=\u00bbyes\u00bb][vc_column_text content_es_es=\u00bbRXN0YW1vcyUyMGRlc2VhbmRvJTIwcmVjaWJpcnRlJTIwZW4lMjBudWVzdHJhJTIwY2FzYSUyQyUyMGFob3JhJTIwdGFtYmklQzMlQTluJTIwdHUlMjBjYXNhJTJDJTIwcG9yJTIwbG8lMjBxdWUlMjBlc3RhcmVtb3MlMjBlc3BlciVDMyVBMW5kb3RlJTIwZHVyYW50ZSUyMDE1JTIwbWludXRvcyUyMGRlJTIwY29ydGVzJUMzJUFEYSUyMGRlc2RlJTIwbGElMjBob3JhJTIwcHJvZ3JhbWFkYSUyMHBhcmElMjBxdWUlMjBwdWVkYXMlMjBkaXNmcnV0YXIlMjBzaW4lMjBjb21wbGljYWNpb25lcyUyMGRlJTIwbGFzJTIwMiUyMGhvcmFzJTIwcXVlJTIwZHVyYSUyMHR1JTIwcmVzZXJ2YS4lMjBMYSUyMGR1cmFjaSVDMyVCM24lMjBkZSUyMHR1JTIwcmVzZXJ2YSUyMGVzdCVDMyVBMSUyMGNvbmRpY2lvbmFkYSUyMGElMjBvdHJhcyUyMHJlc2VydmFzJTIwZGUlMjBjbGllbnRlcyUyQyUyMHBlcm8lMjBzaSUyMG5lY2VzaXRhcyUyMG0lQzMlQTFzJTIwdGllbXBvJTJDJTIwbm8lMjBkdWRlcyUyMGVuJTIwY29tZW50JUMzJUExcm5vc2xvJTIwbGxhbSVDMyVBMW5kb25vcyUyMGFsJTIwdGVsJUMzJUE5Zm9ubyUyMDkxMSUyMDA4NSUyMDU2Ni4lMEElMEFUZSUyMHJlY29yZGFtb3MlMjBxdWUlMjB0dSUyMHJlc2VydmElMjBlc3QlQzMlQTElMjBzdWpldGElMjBhJTIwbnVlc3RyYSUyMHBvbCVDMyVBRHRpY2ElMjBkZSUyMGNhbmNlbGFjaSVDMyVCM24lMkMlMjBwb3IlMjBsbyUyMHF1ZSUyMHNpJTIwY2FuY2VsYXMlMjB0dSUyMHJlc2VydmElMjBmdWVyYSUyMGRlJTIwcGxhem8lMjBjYXJnYXJlbW9zJTIwZW4lMjB0dSUyMHRhcmpldGElMjAyNSUyMGV1cm9zJTIwcG9yJTIwcGVyc29uYS4lMEElMEFQbGF6b3MlMjBkZSUyMGNhbmNlbGFjaSVDMyVCM24lM0ElMjBkZWJlciVDMyVBMXMlMjBjYW5jZWxhciUyMGFudGVzJTIwZGUlMjAyNCUyMGhvcmFzJTIwZGUlMjB0dSUyMHJlc2VydmElMjBvJTIwNzIlMjBob3JhcyUyMHBhcmElMjByZXNlcnZhcyUyMGNvbiUyMG1lbiVDMyVCQSUyMGNlcnJhZG8uJTBBJTBBRGlzcG9uZW1vcyUyMGRlJTIwdW4lMjBzZXJ2aWNpbyUyMGdyYXR1aXRvJTIwZGUlMjBhcGFyY2Fjb2NoZXMlMjBwYXJhJTIwbnVlc3Ryb3MlMjBjbGllbnRlcy4=\u00bb]We are looking forward to welcoming you to our home, now your home too, so we will be waiting for you for\u00a0<strong>a courtesy 15 minutes<\/strong>\u00a0from the scheduled time so that you can enjoy\u00a0<strong>the 2 hours that your reservation lasts<\/strong>\u00a0without complications . The duration of your reservation is subject to other customer reservations, but if you need more time, do not hesitate to let us know by calling us at 911 085 566.<\/p>\n<p>We remind you that your reservation is subject to our\u00a0<strong>cancellation policy<\/strong>\u00a0, so if you cancel your reservation after the deadline we will charge your card 25 euros per person.<\/p>\n<p><strong>Cancellation deadlines:<\/strong>\u00a0you must cancel within 24 hours of your reservation or 72 hours for reservations with a fixed menu.<\/p>\n<p>We have a free valet parking service for our customers.[\/vc_column_text][\/vc_column][\/vc_row][vc_row][vc_column][vc_tta_accordion][vc_tta_section title=\u00bb{lang en_GB} BOOKING CONDITIONS FOR LE\u00d1A MADRID {\/lang}{lang es_ES} CONDICIONES DE RESERVA EN LE\u00d1A MADRID {\/lang}\u00bb tab_id=\u00bb1753867047257-96f84a17-2976&#8243;][vc_column_text content_es_es=\u00bbRXN0YW1vcyUyMGRlc2VhbmRvJTIwcmVjaWJpcnRlJTIwZW4lMjBudWVzdHJhJTIwY2FzYSUyQyUyMGFob3JhJTIwdGFtYmklQzMlQTluJTIwdHUlMjBjYXNhJTJDJTIwcG9yJTIwbG8lMjBxdWUlMjBlc3RhcmVtb3MlMjBlc3BlciVDMyVBMW5kb3RlJTIwZHVyYW50ZSUyMDE1JTIwbWludXRvcyUyMGRlJTIwY29ydGVzJUMzJUFEYSUyMGRlc2RlJTIwbGElMjBob3JhJTIwcHJvZ3JhbWFkYSUyMHBhcmElMjBxdWUlMjBwdWVkYXMlMjBkaXNmcnV0YXIlMjBzaW4lMjBjb21wbGljYWNpb25lcyUyMGRlJTIwbGFzJTIwMiUyMGhvcmFzJTIwcXVlJTIwZHVyYSUyMHR1JTIwcmVzZXJ2YS4lMjBMYSUyMGR1cmFjaSVDMyVCM24lMjBkZSUyMHR1JTIwcmVzZXJ2YSUyMGVzdCVDMyVBMSUyMGNvbmRpY2lvbmFkYSUyMGElMjBvdHJhcyUyMHJlc2VydmFzJTIwZGUlMjBjbGllbnRlcyUyQyUyMHBlcm8lMjBzaSUyMG5lY2VzaXRhcyUyMG0lQzMlQTFzJTIwdGllbXBvJTJDJTIwbm8lMjBkdWRlcyUyMGVuJTIwY29tZW50JUMzJUExcm5vc2xvJTIwbGxhbSVDMyVBMW5kb25vcyUyMGFsJTIwdGVsJUMzJUE5Zm9ubyUyMDkxMSUyMDA4NSUyMDU2Ni4lMEElMEFUZSUyMHJlY29yZGFtb3MlMjBxdWUlMjB0dSUyMHJlc2VydmElMjBlc3QlQzMlQTElMjBzdWpldGElMjBhJTIwbnVlc3RyYSUyMHBvbCVDMyVBRHRpY2ElMjBkZSUyMGNhbmNlbGFjaSVDMyVCM24lMkMlMjBwb3IlMjBsbyUyMHF1ZSUyMHNpJTIwY2FuY2VsYXMlMjB0dSUyMHJlc2VydmElMjBmdWVyYSUyMGRlJTIwcGxhem8lMjBjYXJnYXJlbW9zJTIwZW4lMjB0dSUyMHRhcmpldGElMjAyNSUyMGV1cm9zJTIwcG9yJTIwcGVyc29uYS4lMEElMEFQbGF6b3MlMjBkZSUyMGNhbmNlbGFjaSVDMyVCM24lM0ElMjBkZWJlciVDMyVBMXMlMjBjYW5jZWxhciUyMGFudGVzJTIwZGUlMjAyNCUyMGhvcmFzJTIwZGUlMjB0dSUyMHJlc2VydmElMjBvJTIwNzIlMjBob3JhcyUyMHBhcmElMjByZXNlcnZhcyUyMGNvbiUyMG1lbiVDMyVCQSUyMGNlcnJhZG8uJTBBJTBBRGlzcG9uZW1vcyUyMGRlJTIwdW4lMjBzZXJ2aWNpbyUyMGdyYXR1aXRvJTIwZGUlMjBhcGFyY2Fjb2NoZXMlMjBwYXJhJTIwbnVlc3Ryb3MlMjBjbGllbnRlcy4=\u00bb]We are looking forward to welcoming you to our home, now your home too, so we will be waiting for you for\u00a0<strong>a courtesy 15 minutes<\/strong>\u00a0from the scheduled time so that you can enjoy\u00a0<strong>the 2 hours that your reservation lasts<\/strong>\u00a0without complications . The duration of your reservation is subject to other customer reservations, but if you need more time, do not hesitate to let us know by calling us at 911 085 566.<\/p>\n<p>We remind you that your reservation is subject to our\u00a0<strong>cancellation policy<\/strong>\u00a0, so if you cancel your reservation after the deadline we will charge your card 25 euros per person.<\/p>\n<p><strong>Cancellation deadlines:<\/strong>\u00a0you must cancel within 24 hours of your reservation or 72 hours for reservations with a fixed menu.<\/p>\n<p>We have a free valet parking service for our customers.[\/vc_column_text][\/vc_tta_section][vc_tta_section title=\u00bb{lang en_GB} BOOKING CONDITIONS FOR LE\u00d1A MADRID {\/lang}{lang es_ES} CONDICIONES DE RESERVA EN LE\u00d1A MADRID {\/lang}\u00bb tab_id=\u00bb1753867083073-d16f5c6f-84ee\u00bb][vc_column_text content_es_es=\u00bbRXN0YW1vcyUyMGRlc2VhbmRvJTIwcmVjaWJpcnRlJTIwZW4lMjBudWVzdHJhJTIwY2FzYSUyQyUyMGFob3JhJTIwdGFtYmklQzMlQTluJTIwdHUlMjBjYXNhJTJDJTIwcG9yJTIwbG8lMjBxdWUlMjBlc3RhcmVtb3MlMjBlc3BlciVDMyVBMW5kb3RlJTIwZHVyYW50ZSUyMDE1JTIwbWludXRvcyUyMGRlJTIwY29ydGVzJUMzJUFEYSUyMGRlc2RlJTIwbGElMjBob3JhJTIwcHJvZ3JhbWFkYSUyMHBhcmElMjBxdWUlMjBwdWVkYXMlMjBkaXNmcnV0YXIlMjBzaW4lMjBjb21wbGljYWNpb25lcyUyMGRlJTIwbGFzJTIwMiUyMGhvcmFzJTIwcXVlJTIwZHVyYSUyMHR1JTIwcmVzZXJ2YS4lMjBMYSUyMGR1cmFjaSVDMyVCM24lMjBkZSUyMHR1JTIwcmVzZXJ2YSUyMGVzdCVDMyVBMSUyMGNvbmRpY2lvbmFkYSUyMGElMjBvdHJhcyUyMHJlc2VydmFzJTIwZGUlMjBjbGllbnRlcyUyQyUyMHBlcm8lMjBzaSUyMG5lY2VzaXRhcyUyMG0lQzMlQTFzJTIwdGllbXBvJTJDJTIwbm8lMjBkdWRlcyUyMGVuJTIwY29tZW50JUMzJUExcm5vc2xvJTIwbGxhbSVDMyVBMW5kb25vcyUyMGFsJTIwdGVsJUMzJUE5Zm9ubyUyMDkxMSUyMDA4NSUyMDU2Ni4lMEElMEFUZSUyMHJlY29yZGFtb3MlMjBxdWUlMjB0dSUyMHJlc2VydmElMjBlc3QlQzMlQTElMjBzdWpldGElMjBhJTIwbnVlc3RyYSUyMHBvbCVDMyVBRHRpY2ElMjBkZSUyMGNhbmNlbGFjaSVDMyVCM24lMkMlMjBwb3IlMjBsbyUyMHF1ZSUyMHNpJTIwY2FuY2VsYXMlMjB0dSUyMHJlc2VydmElMjBmdWVyYSUyMGRlJTIwcGxhem8lMjBjYXJnYXJlbW9zJTIwZW4lMjB0dSUyMHRhcmpldGElMjAyNSUyMGV1cm9zJTIwcG9yJTIwcGVyc29uYS4lMEElMEFQbGF6b3MlMjBkZSUyMGNhbmNlbGFjaSVDMyVCM24lM0ElMjBkZWJlciVDMyVBMXMlMjBjYW5jZWxhciUyMGFudGVzJTIwZGUlMjAyNCUyMGhvcmFzJTIwZGUlMjB0dSUyMHJlc2VydmElMjBvJTIwNzIlMjBob3JhcyUyMHBhcmElMjByZXNlcnZhcyUyMGNvbiUyMG1lbiVDMyVCQSUyMGNlcnJhZG8uJTBBJTBBRGlzcG9uZW1vcyUyMGRlJTIwdW4lMjBzZXJ2aWNpbyUyMGdyYXR1aXRvJTIwZGUlMjBhcGFyY2Fjb2NoZXMlMjBwYXJhJTIwbnVlc3Ryb3MlMjBjbGllbnRlcy4=\u00bb]We are looking forward to welcoming you to our home, now your home too, so we will be waiting for you for\u00a0<strong>a courtesy 15 minutes<\/strong>\u00a0from the scheduled time so that you can enjoy\u00a0<strong>the 2 hours that your reservation lasts<\/strong>\u00a0without complications . The duration of your reservation is subject to other customer reservations, but if you need more time, do not hesitate to let us know by calling us at 911 085 566.<\/p>\n<p>We remind you that your reservation is subject to our\u00a0<strong>cancellation policy<\/strong>\u00a0, so if you cancel your reservation after the deadline we will charge your card 25 euros per person.<\/p>\n<p><strong>Cancellation deadlines:<\/strong>\u00a0you must cancel within 24 hours of your reservation or 72 hours for reservations with a fixed menu.<\/p>\n<p>We have a free valet parking service for our customers.[\/vc_column_text][\/vc_tta_section][vc_tta_section title=\u00bbSection 2&#8243; tab_id=\u00bb1753867047273-bb06d42f-16a6&#8243;][\/vc_tta_section][\/vc_tta_accordion][\/vc_column][\/vc_row][\/vc_section][vc_section el_class=\u00bbinstagram-wrapper-box\u00bb][vc_row][vc_column][vc_single_image image=\u00bb97&#8243; img_size=\u00bbfull\u00bb alignment=\u00bbcenter\u00bb][\/vc_column][\/vc_row][\/vc_section]<\/p>\n<\/section>","protected":false},"excerpt":{"rendered":"<p>[vc_section full_width=\u00bbstretch_row\u00bb el_class=\u00bbhero-wrapper inner-page-hero\u00bb css=\u00bb.vc_custom_1750415436923{background-image: url(https:\/\/lenarestaurants.com\/wp-content\/uploads\/2025\/06\/Luz-calida-en-la-oscuridad.jpg?id=2551) !important;}\u00bb][vc_row el_class=\u00bbcontent-box container\u00bb][vc_column][vc_custom_heading text=\u00bb{lang en_GB} CANCELLATION POLICY {\/lang}{lang es_ES} POL\u00cdTICA DE CANCELACI\u00d3N{\/lang}\u00bb font_container=\u00bbtag:div|text_align:center\u00bb use_theme_fonts=\u00bbyes\u00bb el_class=\u00bbgdgh1&#8243;][\/vc_column][\/vc_row][\/vc_section][vc_section full_width=\u00bbstretch_row\u00bb el_class=\u00bbcomman-text-blog\u00bb][vc_row el_class=\u00bbcontainer\u00bb][vc_column][vc_custom_heading text=\u00bb{lang en_GB} BOOKING CONDITIONS FOR LE\u00d1A MADRID {\/lang}{lang es_ES} CONDICIONES DE RESERVA EN LE\u00d1A MADRID {\/lang}\u00bb font_container=\u00bbtag:h2|text_align:center\u00bb use_theme_fonts=\u00bbyes\u00bb][vc_column_text content_es_es=\u00bbRXN0YW1vcyUyMGRlc2VhbmRvJTIwcmVjaWJpcnRlJTIwZW4lMjBudWVzdHJhJTIwY2FzYSUyQyUyMGFob3JhJTIwdGFtYmklQzMlQTluJTIwdHUlMjBjYXNhJTJDJTIwcG9yJTIwbG8lMjBxdWUlMjBlc3RhcmVtb3MlMjBlc3BlciVDMyVBMW5kb3RlJTIwZHVyYW50ZSUyMDE1JTIwbWludXRvcyUyMGRlJTIwY29ydGVzJUMzJUFEYSUyMGRlc2RlJTIwbGElMjBob3JhJTIwcHJvZ3JhbWFkYSUyMHBhcmElMjBxdWUlMjBwdWVkYXMlMjBkaXNmcnV0YXIlMjBzaW4lMjBjb21wbGljYWNpb25lcyUyMGRlJTIwbGFzJTIwMiUyMGhvcmFzJTIwcXVlJTIwZHVyYSUyMHR1JTIwcmVzZXJ2YS4lMjBMYSUyMGR1cmFjaSVDMyVCM24lMjBkZSUyMHR1JTIwcmVzZXJ2YSUyMGVzdCVDMyVBMSUyMGNvbmRpY2lvbmFkYSUyMGElMjBvdHJhcyUyMHJlc2VydmFzJTIwZGUlMjBjbGllbnRlcyUyQyUyMHBlcm8lMjBzaSUyMG5lY2VzaXRhcyUyMG0lQzMlQTFzJTIwdGllbXBvJTJDJTIwbm8lMjBkdWRlcyUyMGVuJTIwY29tZW50JUMzJUExcm5vc2xvJTIwbGxhbSVDMyVBMW5kb25vcyUyMGFsJTIwdGVsJUMzJUE5Zm9ubyUyMDkxMSUyMDA4NSUyMDU2Ni4lMEElMEFUZSUyMHJlY29yZGFtb3MlMjBxdWUlMjB0dSUyMHJlc2VydmElMjBlc3QlQzMlQTElMjBzdWpldGElMjBhJTIwbnVlc3RyYSUyMHBvbCVDMyVBRHRpY2ElMjBkZSUyMGNhbmNlbGFjaSVDMyVCM24lMkMlMjBwb3IlMjBsbyUyMHF1ZSUyMHNpJTIwY2FuY2VsYXMlMjB0dSUyMHJlc2VydmElMjBmdWVyYSUyMGRlJTIwcGxhem8lMjBjYXJnYXJlbW9zJTIwZW4lMjB0dSUyMHRhcmpldGElMjAyNSUyMGV1cm9zJTIwcG9yJTIwcGVyc29uYS4lMEElMEFQbGF6b3MlMjBkZSUyMGNhbmNlbGFjaSVDMyVCM24lM0ElMjBkZWJlciVDMyVBMXMlMjBjYW5jZWxhciUyMGFudGVzJTIwZGUlMjAyNCUyMGhvcmFzJTIwZGUlMjB0dSUyMHJlc2VydmElMjBvJTIwNzIlMjBob3JhcyUyMHBhcmElMjByZXNlcnZhcyUyMGNvbiUyMG1lbiVDMyVCQSUyMGNlcnJhZG8uJTBBJTBBRGlzcG9uZW1vcyUyMGRlJTIwdW4lMjBzZXJ2aWNpbyUyMGdyYXR1aXRvJTIwZGUlMjBhcGFyY2Fjb2NoZXMlMjBwYXJhJTIwbnVlc3Ryb3MlMjBjbGllbnRlcy4=\u00bb]We are looking forward to welcoming you to our home, now your home&hellip; <a class=\"more-link\" href=\"https:\/\/lenarestaurants.com\/es\/madrid\/politica-de-cancelacion\/\">Continue reading <span class=\"screen-reader-text\">Pol\u00edtica de cancelaci\u00f3n Le\u00f1a Madrid<\/span><\/a><\/p>\n","protected":false},"author":1,"featured_media":0,"parent":1194,"menu_order":30,"comment_status":"closed","ping_status":"closed","template":"","meta":{"footnotes":""},"class_list":["post-1964","page","type-page","status-publish","hentry","entry"],"_links":{"self":[{"href":"https:\/\/lenarestaurants.com\/es\/wp-json\/wp\/v2\/pages\/1964","targetHints":{"allow":["GET"]}}],"collection":[{"href":"https:\/\/lenarestaurants.com\/es\/wp-json\/wp\/v2\/pages"}],"about":[{"href":"https:\/\/lenarestaurants.com\/es\/wp-json\/wp\/v2\/types\/page"}],"author":[{"embeddable":true,"href":"https:\/\/lenarestaurants.com\/es\/wp-json\/wp\/v2\/users\/1"}],"replies":[{"embeddable":true,"href":"https:\/\/lenarestaurants.com\/es\/wp-json\/wp\/v2\/comments?post=1964"}],"version-history":[{"count":7,"href":"https:\/\/lenarestaurants.com\/es\/wp-json\/wp\/v2\/pages\/1964\/revisions"}],"predecessor-version":[{"id":3618,"href":"https:\/\/lenarestaurants.com\/es\/wp-json\/wp\/v2\/pages\/1964\/revisions\/3618"}],"up":[{"embeddable":true,"href":"https:\/\/lenarestaurants.com\/es\/wp-json\/wp\/v2\/pages\/1194"}],"wp:attachment":[{"href":"https:\/\/lenarestaurants.com\/es\/wp-json\/wp\/v2\/media?parent=1964"}],"curies":[{"name":"wp","href":"https:\/\/api.w.org\/{rel}","templated":true}]}}