{"id":23,"date":"2024-11-22T09:23:01","date_gmt":"2024-11-22T09:23:01","guid":{"rendered":"https:\/\/lena.theloyaltyco.app\/?page_id=23"},"modified":"2025-12-17T15:54:52","modified_gmt":"2025-12-17T15:54:52","slug":"menus","status":"publish","type":"page","link":"https:\/\/lenarestaurants.com\/es\/barcelona\/menus\/","title":{"rendered":"Men\u00fas de Le\u00f1a Barcelona | Grupo Dani Garc\u00eda"},"content":{"rendered":"<section class=\"wpb-content-wrapper\"><p>[vc_section full_width=\u00bbstretch_row\u00bb el_class=\u00bbhero-wrapper inner-page-hero\u00bb css=\u00bb.vc_custom_1752837242000{background-image: url(https:\/\/lenarestaurants.com\/wp-content\/uploads\/2025\/07\/Firefly_textura-de-material-oxidado-de-fondo-negro-u-oscuro-con-tintes-color-naranja-que-t-138596-scaled.jpg?id=3284) !important;}\u00bb][vc_row el_class=\u00bbcontent-box container\u00bb][vc_column][vc_custom_heading text=\u00bb{lang en_GB} MENUS {\/lang}{lang es_ES} MEN\u00daS {\/lang}{lang ca} MEN\u00daS {\/lang}\u00bb font_container=\u00bbtag:div|text_align:center\u00bb use_theme_fonts=\u00bbyes\u00bb el_class=\u00bbgdgh1&#8243;][vc_column_text el_class=\u00bbd-none\u00bb]<\/p>\n<div class=\"cards-container\">\n<div class=\"panel\"><\/div>\n<\/div>\n<p>[\/vc_column_text][\/vc_column][\/vc_row][\/vc_section][vc_section full_width=\u00bbstretch_row\u00bb el_class=\u00bbmenu-wrapper-box-list menu-single-animtion\u00bb][vc_row el_class=\u00bbcontainer\u00bb][vc_column][vc_column_text]    <div class=\"row justify-content-center\">\n                    <div class=\"col-md-4\">\n                <article>\n                    <img decoding=\"async\" width=\"505\" height=\"308\" src=\"https:\/\/lenarestaurants.com\/wp-content\/uploads\/2025\/01\/LN_menus_general.jpg\" class=\"attachment-full size-full wp-post-image\" alt=\"\" srcset=\"https:\/\/lenarestaurants.com\/wp-content\/uploads\/2025\/01\/LN_menus_general.jpg 505w, https:\/\/lenarestaurants.com\/wp-content\/uploads\/2025\/01\/LN_menus_general-300x183.jpg 300w\" sizes=\"(max-width: 505px) 100vw, 505px\" style=\"width:100%;height:60.99%;max-width:505px;\" title=\"\">                    <div class=\"space_content\">\n                        <h4>A la carta <\/h4>\n                        <p> Descubre una propuesta que une cortes inigualables con sabores que cautivan; cada creaci\u00f3n narra una historia de tradici\u00f3n y originalidad.                        <\/p>\n                                                    <div class=\"comman-btn\">\n                                <a href=\"https:\/\/grupodanigarcia.com\/wp-content\/uploads\/CARTAS\/LENA\/BARCELONA\/ES\/LENABCN_MENU.pdf\" target=\"_blank\" rel=\"noopener\">Ver Men\u00fa<\/a>\n                            <\/div>\n                        \n                    <\/div>\n                <\/article>\n\n\n            <\/div>\n                        <div class=\"col-md-4\">\n                <article>\n                    <img decoding=\"async\" width=\"411\" height=\"350\" src=\"https:\/\/lenarestaurants.com\/wp-content\/uploads\/2025\/01\/LN_menus_brunch-1.jpg\" class=\"attachment-full size-full wp-post-image\" alt=\"\" srcset=\"https:\/\/lenarestaurants.com\/wp-content\/uploads\/2025\/01\/LN_menus_brunch-1.jpg 411w, https:\/\/lenarestaurants.com\/wp-content\/uploads\/2025\/01\/LN_menus_brunch-1-300x255.jpg 300w\" sizes=\"(max-width: 411px) 100vw, 411px\" style=\"width:100%;height:85.16%;max-width:411px;\" title=\"\">                    <div class=\"space_content\">\n                        <h4>Men\u00fa Brunch <\/h4>\n                        <p> S\u00e1bados y domingos, de 11:00 a 12:30                        <\/p>\n                                                    <div class=\"comman-btn\">\n                                <a href=\"https:\/\/grupodanigarcia.com\/wp-content\/uploads\/CARTAS\/LENA\/BARCELONA\/ES\/LENABCN_BRUNCH.pdf\" target=\"_blank\" rel=\"noopener\">Ver Men\u00fa<\/a>\n                            <\/div>\n                        \n                    <\/div>\n                <\/article>\n\n\n            <\/div>\n                        <div class=\"col-md-4\">\n                <article>\n                    <img decoding=\"async\" width=\"411\" height=\"350\" src=\"https:\/\/lenarestaurants.com\/wp-content\/uploads\/2025\/02\/LNBCN_menus_menu-barra.jpg\" class=\"attachment-full size-full wp-post-image\" alt=\"\" srcset=\"https:\/\/lenarestaurants.com\/wp-content\/uploads\/2025\/02\/LNBCN_menus_menu-barra.jpg 411w, https:\/\/lenarestaurants.com\/wp-content\/uploads\/2025\/02\/LNBCN_menus_menu-barra-300x255.jpg 300w\" sizes=\"(max-width: 411px) 100vw, 411px\" style=\"width:100%;height:85.16%;max-width:411px;\" title=\"\">                    <div class=\"space_content\">\n                        <h4>Men\u00fa Barra<\/h4>\n                        <p> Descubre el sabor \u00fanico de Le\u00f1a con una propuesta informal pero llena de creatividad, donde la tradici\u00f3n y la innovaci\u00f3n se encuentran en cada bocado.                        <\/p>\n                                                    <div class=\"comman-btn\">\n                                <a href=\"https:\/\/grupodanigarcia.com\/wp-content\/uploads\/CARTAS\/LENA\/BARCELONA\/ES\/LENABCN_BARRA.pdf\" target=\"_blank\" rel=\"noopener\">Ver Men\u00fa<\/a>\n                            <\/div>\n                        \n                    <\/div>\n                <\/article>\n\n\n            <\/div>\n                        <div class=\"col-md-4\">\n                <article>\n                    <img decoding=\"async\" width=\"505\" height=\"308\" src=\"https:\/\/lenarestaurants.com\/wp-content\/uploads\/2025\/01\/LNMARB_menus_postres.jpg\" class=\"attachment-full size-full wp-post-image\" alt=\"\" srcset=\"https:\/\/lenarestaurants.com\/wp-content\/uploads\/2025\/01\/LNMARB_menus_postres.jpg 505w, https:\/\/lenarestaurants.com\/wp-content\/uploads\/2025\/01\/LNMARB_menus_postres-300x183.jpg 300w\" sizes=\"(max-width: 505px) 100vw, 505px\" style=\"width:100%;height:60.99%;max-width:505px;\" title=\"\">                    <div class=\"space_content\">\n                        <h4>Postres<\/h4>\n                        <p> El broche perfecto para una experiencia a la brasa. Nuestros postres combinan t\u00e9cnica, creatividad y sabor para dejar una huella dulce en el paladar.                        <\/p>\n                                                    <div class=\"comman-btn\">\n                                <a href=\"https:\/\/grupodanigarcia.com\/wp-content\/uploads\/CARTAS\/LENA\/BARCELONA\/ES\/LENABCN_POSTRES.pdf\" target=\"_blank\" rel=\"noopener\">Ver Men\u00fa<\/a>\n                            <\/div>\n                        \n                    <\/div>\n                <\/article>\n\n\n            <\/div>\n                        <div class=\"col-md-4\">\n                <article>\n                    <img decoding=\"async\" width=\"1731\" height=\"1154\" src=\"https:\/\/lenarestaurants.com\/wp-content\/uploads\/2025\/02\/Alargenos-foto.jpg\" class=\"attachment-full size-full wp-post-image\" alt=\"\" srcset=\"https:\/\/lenarestaurants.com\/wp-content\/uploads\/2025\/02\/Alargenos-foto.jpg 1731w, https:\/\/lenarestaurants.com\/wp-content\/uploads\/2025\/02\/Alargenos-foto-300x200.jpg 300w, https:\/\/lenarestaurants.com\/wp-content\/uploads\/2025\/02\/Alargenos-foto-1024x683.jpg 1024w, https:\/\/lenarestaurants.com\/wp-content\/uploads\/2025\/02\/Alargenos-foto-768x512.jpg 768w, https:\/\/lenarestaurants.com\/wp-content\/uploads\/2025\/02\/Alargenos-foto-1536x1024.jpg 1536w, https:\/\/lenarestaurants.com\/wp-content\/uploads\/2025\/02\/Alargenos-foto-1568x1045.jpg 1568w\" sizes=\"(max-width: 1731px) 100vw, 1731px\" style=\"width:100%;height:66.67%;max-width:1731px;\" title=\"\">                    <div class=\"space_content\">\n                        <h4>Al\u00e9rgenos<\/h4>\n                        <p> Consulta aqu\u00ed todo lo que necesitas saber para disfrutar una experiencia \u00fanica sin\u00a0preocupaciones                        <\/p>\n                                                    <div class=\"comman-btn\">\n                                <a href=\"https:\/\/grupodanigarcia.com\/wp-content\/uploads\/CARTAS\/LENA\/BARCELONA\/ES\/LENABCN_ALERGENOS.pdf\" target=\"_blank\" rel=\"noopener\">Ver Men\u00fa<\/a>\n                            <\/div>\n                        \n                    <\/div>\n                <\/article>\n\n\n            <\/div>\n                        <div class=\"col-md-4\">\n                <article>\n                    <img decoding=\"async\" width=\"1575\" height=\"1111\" src=\"https:\/\/lenarestaurants.com\/wp-content\/uploads\/2025\/01\/winery.jpg\" class=\"attachment-full size-full wp-post-image\" alt=\"\" srcset=\"https:\/\/lenarestaurants.com\/wp-content\/uploads\/2025\/01\/winery.jpg 1575w, https:\/\/lenarestaurants.com\/wp-content\/uploads\/2025\/01\/winery-300x212.jpg 300w, https:\/\/lenarestaurants.com\/wp-content\/uploads\/2025\/01\/winery-1024x722.jpg 1024w, https:\/\/lenarestaurants.com\/wp-content\/uploads\/2025\/01\/winery-768x542.jpg 768w, https:\/\/lenarestaurants.com\/wp-content\/uploads\/2025\/01\/winery-1536x1083.jpg 1536w, https:\/\/lenarestaurants.com\/wp-content\/uploads\/2025\/01\/winery-1568x1106.jpg 1568w\" sizes=\"(max-width: 1575px) 100vw, 1575px\" style=\"width:100%;height:70.54%;max-width:1575px;\" title=\"\">                    <div class=\"space_content\">\n                        <h4>Bodega<\/h4>\n                        <p> Disfruta de nuestra selecta variedad de vinos, que realzan los sabores de nuestra cocina y acompa\u00f1an cada momento con distinci\u00f3n.                        <\/p>\n                                                    <div class=\"comman-btn\">\n                                <a href=\"https:\/\/grupodanigarcia.com\/wp-content\/uploads\/CARTAS\/LENA\/BARCELONA\/LENABCN_VINOS.pdf\" target=\"_blank\" rel=\"noopener\">Ver Men\u00fa<\/a>\n                            <\/div>\n                        \n                    <\/div>\n                <\/article>\n\n\n            <\/div>\n                        <div class=\"col-md-4\">\n                <article>\n                    <img decoding=\"async\" width=\"1000\" height=\"1500\" src=\"https:\/\/lenarestaurants.com\/wp-content\/uploads\/2025\/01\/cocktail.jpg\" class=\"attachment-full size-full wp-post-image\" alt=\"\" srcset=\"https:\/\/lenarestaurants.com\/wp-content\/uploads\/2025\/01\/cocktail.jpg 1000w, https:\/\/lenarestaurants.com\/wp-content\/uploads\/2025\/01\/cocktail-200x300.jpg 200w, https:\/\/lenarestaurants.com\/wp-content\/uploads\/2025\/01\/cocktail-683x1024.jpg 683w, https:\/\/lenarestaurants.com\/wp-content\/uploads\/2025\/01\/cocktail-768x1152.jpg 768w\" sizes=\"(max-width: 1000px) 100vw, 1000px\" style=\"width:100%;height:150%;max-width:1000px;\" title=\"\">                    <div class=\"space_content\">\n                        <h4>Bebidas<\/h4>\n                        <p> Sum\u00e9rgete en una exclusiva selecci\u00f3n de c\u00f3cteles de autor y bebidas de alta gama. Cada trago es una experiencia \u00fanica, dise\u00f1ada para realzar y armonizar con los sabores excepcionales de nuestra cocina al fuego.                        <\/p>\n                                                    <div class=\"comman-btn\">\n                                <a href=\"https:\/\/grupodanigarcia.com\/wp-content\/uploads\/CARTAS\/LENA\/BARCELONA\/LENABCN_BEBIDAS.pdf\" target=\"_blank\" rel=\"noopener\">Ver Men\u00fa<\/a>\n                            <\/div>\n                        \n                    <\/div>\n                <\/article>\n\n\n            <\/div>\n                        <div class=\"col-md-4\">\n                <article>\n                    <img decoding=\"async\" width=\"411\" height=\"350\" src=\"https:\/\/lenarestaurants.com\/wp-content\/uploads\/2025\/10\/LN_menus_steak.jpg\" class=\"attachment-full size-full wp-post-image\" alt=\"\" srcset=\"https:\/\/lenarestaurants.com\/wp-content\/uploads\/2025\/10\/LN_menus_steak.jpg 411w, https:\/\/lenarestaurants.com\/wp-content\/uploads\/2025\/10\/LN_menus_steak-300x255.jpg 300w\" sizes=\"(max-width: 411px) 100vw, 411px\" style=\"width:100%;height:85.16%;max-width:411px;\" title=\"\">                    <div class=\"space_content\">\n                        <h4>Steak Menu<\/h4>\n                        <p> De lunes a viernes de 13:00 a 16:00, NO FESTIVOS                        <\/p>\n                                                    <div class=\"comman-btn\">\n                                <a href=\"https:\/\/grupodanigarcia.com\/wp-content\/uploads\/CARTAS\/LENA\/LENA_STEAKMENU.pdf\" target=\"_blank\" rel=\"noopener\">Ver Men\u00fa<\/a>\n                            <\/div>\n                        \n                    <\/div>\n                <\/article>\n\n\n            <\/div>\n                <\/div>\n    [\/vc_column_text][\/vc_column][\/vc_row][\/vc_section][vc_section full_width=\u00bbstretch_row\u00bb el_class=\u00bbmenu-wrapper-box mnu menu-page-animtion\u00bb css=\u00bb.vc_custom_1746683690339{background-color: #000000 !important;background-position: center !important;background-repeat: no-repeat !important;background-size: cover !important;}\u00bb][vc_row content_placement=\u00bbtop\u00bb el_class=\u00bbcontainer\u00bb][vc_column width=\u00bb1\/2&#8243; el_class=\u00bbtheiaStickySidebar left-private-details column-content leftSidebar\u00bb el_id=\u00bbsidebar-nav\u00bb][vc_custom_heading text=\u00bb{lang en_GB} MENUS {\/lang}{lang es_ES} MEN\u00daS {\/lang}{lang ca} MEN\u00daS {\/lang}\u00bb font_container=\u00bbtag:h2|text_align:left|color:%23ffffff\u00bb use_theme_fonts=\u00bbyes\u00bb el_class=\u00bbcomman-heading-style\u00bb][vc_column_text content_es_es=\u00bbTGUlQzMlQjFhJTIwbG9ncmElMjB0cmFuc2Zvcm1hciUyMGxhJTIwZXhwZXJpZW5jaWElMjBnYXN0cm9uJUMzJUIzbWljYSUyMGFsJTIwJTNDc3Ryb25nJTNFZnVzaW9uYXIlMjBsbyUyMGNsJUMzJUExc2ljbyUyMGNvbiUyMGxvJTIwY29udGVtcG9yJUMzJUExbmVvJTNDJTJGc3Ryb25nJTNFJTJDJTIwb2ZyZWNpZW5kbyUyMGluZ3JlZGllbnRlcyUyMGRlJTIwbGElMjBtJUMzJUExcyUyMGFsdGElMjBjYWxpZGFkJTIwZW4lMjB1biUyMGVudG9ybm8lMjBlbGVnYW50ZSUyMHklMjBleGNsdXNpdm8uJTBBJTNDYnIlM0VFc3RlJTIwJTNDc3Ryb25nJTNFY29uY2VwdG8lMjBjZWxlYnJhJTIwbGElMjBjb2NpbmElMjBhbCUyMGNhcmIlQzMlQjNuJTNDJTJGc3Ryb25nJTNFJTJDJTIwZG9uZGUlMjBsYSUyMGVzdHJlbGxhJTIwaW5kaXNjdXRpYmxlJTIwZXMlMjBsYSUyMGNhcm5lJTJDJTIwZGVzdGFjYWRhJTIwcG9yJTIwc3VzJTIwZGl2ZXJzYXMlMjB0JUMzJUE5Y25pY2FzJTIwZGUlMjBwcmVwYXJhY2klQzMlQjNuJTIwcXVlJTIwZWxldmFuJTIwY2FkYSUyMHBsYXRvJTIwYSUyMHVuYSUyMG9icmElMjBtYWVzdHJhLg==\u00bb content_ca=\u00bbTGUlQzMlQjFhJTIwYWNvbnNlZ3VlaXglMjB0cmFuc2Zvcm1hciUyMGwlMjdleHBlcmklQzMlQThuY2lhJTIwZ2FzdHJvbiVDMyVCMm1pY2ElMjAlM0NzdHJvbmclM0VmdXNpb25hbnQlMjBlbCUyMGNsJUMzJUEwc3NpYyUyMGFtYiUyMGVsJTIwY29udGVtcG9yYW5pJTNDJTJGc3Ryb25nJTNFJTJDJTIwb2ZlcmludCUyMGluZ3JlZGllbnRzJTIwZGUlMjBsYSUyMG0lQzMlQTlzJTIwYWx0YSUyMHF1YWxpdGF0JTIwZW4lMjB1biUyMGVudG9ybiUyMGVsZWdhbnQlMjBpJTIwZXhjbHVzaXUuJTBBJTNDYnIlM0VBcXVlc3QlMjAlM0NzdHJvbmclM0Vjb25jZXB0ZSUyMGNlbGVicmElMjBsYSUyMGN1aW5hJTIwYSUyMGxhJTIwYnJhc2ElM0MlMkZzdHJvbmclM0UlMkMlMjBvbiUyMGwlMjdlc3RyZWxsYSUyMGluZGlzY3V0aWJsZSUyMCVDMyVBOXMlMjBsYSUyMGNhcm4lMkMlMjBkZXN0YWNhZGElMjBwZXIlMjBsZXMlMjBzZXZlcyUyMGRpdmVyc2VzJTIwdCVDMyVBOGNuaXF1ZXMlMjBkZSUyMHByZXBhcmFjaSVDMyVCMyUyMHF1ZSUyMGVsZXZlbiUyMGNhZGElMjBwbGF0JTIwYSUyMHVuYSUyMG9icmElMjBtZXN0cmEu\u00bb el_class=\u00bbcomman-content\u00bb]Le\u00f1a redefines the dining experience by\u00a0<strong>blending tradition with modernity<\/strong>, offering the finest quality ingredients in an elegant and exclusive setting.<\/p>\n<p>This concept <strong>celebrates charcoal cooking<\/strong>, where the undisputed star is the meat, showcased through various preparation techniques that elevate each dish to a masterpiece[\/vc_column_text][vc_column_text el_class=\u00bbcomman-content\u00bb][\/vc_column_text][\/vc_column][vc_column width=\u00bb1\/2&#8243; el_class=\u00bbright-slider-wrapper column-img content pt-mobile-comman\u00bb][vc_single_image image=\u00bb2090&#8243; img_size=\u00bbfull\u00bb alignment=\u00bbright\u00bb][\/vc_column][\/vc_row][\/vc_section][vc_section el_class=\u00bbinstagram-wrapper-box\u00bb][vc_row][vc_column][vc_single_image image=\u00bb97&#8243; img_size=\u00bbfull\u00bb alignment=\u00bbcenter\u00bb][\/vc_column][\/vc_row][\/vc_section]<\/p>\n<\/section>","protected":false},"excerpt":{"rendered":"<p>Descubre el sabor \u00fanico de Le\u00f1a con una propuesta informal pero llena de creatividad, donde la tradici\u00f3n y la innovaci\u00f3n se encuentran en cada bocado.<\/p>\n","protected":false},"author":1,"featured_media":0,"parent":19,"menu_order":1,"comment_status":"closed","ping_status":"closed","template":"","meta":{"footnotes":""},"class_list":["post-23","page","type-page","status-publish","hentry","entry"],"_links":{"self":[{"href":"https:\/\/lenarestaurants.com\/es\/wp-json\/wp\/v2\/pages\/23","targetHints":{"allow":["GET"]}}],"collection":[{"href":"https:\/\/lenarestaurants.com\/es\/wp-json\/wp\/v2\/pages"}],"about":[{"href":"https:\/\/lenarestaurants.com\/es\/wp-json\/wp\/v2\/types\/page"}],"author":[{"embeddable":true,"href":"https:\/\/lenarestaurants.com\/es\/wp-json\/wp\/v2\/users\/1"}],"replies":[{"embeddable":true,"href":"https:\/\/lenarestaurants.com\/es\/wp-json\/wp\/v2\/comments?post=23"}],"version-history":[{"count":39,"href":"https:\/\/lenarestaurants.com\/es\/wp-json\/wp\/v2\/pages\/23\/revisions"}],"predecessor-version":[{"id":4375,"href":"https:\/\/lenarestaurants.com\/es\/wp-json\/wp\/v2\/pages\/23\/revisions\/4375"}],"up":[{"embeddable":true,"href":"https:\/\/lenarestaurants.com\/es\/wp-json\/wp\/v2\/pages\/19"}],"wp:attachment":[{"href":"https:\/\/lenarestaurants.com\/es\/wp-json\/wp\/v2\/media?parent=23"}],"curies":[{"name":"wp","href":"https:\/\/api.w.org\/{rel}","templated":true}]}}