{"id":25,"date":"2024-11-22T09:24:32","date_gmt":"2024-11-22T09:24:32","guid":{"rendered":"https:\/\/lena.theloyaltyco.app\/?page_id=25"},"modified":"2025-09-08T17:02:02","modified_gmt":"2025-09-08T16:02:02","slug":"group-dining","status":"publish","type":"page","link":"https:\/\/lenarestaurants.com\/es\/barcelona\/group-dining\/","title":{"rendered":"Eventos y Comidas de Grupo en Le\u00f1a Barcelona | Grupo Dani Garc\u00eda"},"content":{"rendered":"<section class=\"wpb-content-wrapper\"><p>[vc_section full_width=\u00bbstretch_row\u00bb el_class=\u00bbhero-wrapper inner-page-hero\u00bb css=\u00bb.vc_custom_1752836353284{background-image: url(https:\/\/lenarestaurants.com\/wp-content\/uploads\/2025\/07\/LNBCN_groups_header2.jpg?id=3314) !important;}\u00bb][vc_row el_class=\u00bbcontent-box container\u00bb][vc_column][vc_custom_heading text=\u00bb{lang en_GB} PRIVATE DINING &amp; EVENTS {\/lang}{lang es_ES} GRUPOS Y EVENTOS {\/lang}{lang ca} RESERVATS I ESDEVENIMENTS PRIVATS {\/lang}\u00bb font_container=\u00bbtag:div|text_align:center\u00bb use_theme_fonts=\u00bbyes\u00bb el_class=\u00bbgdgh1&#8243;][\/vc_column][\/vc_row][\/vc_section][vc_section full_width=\u00bbstretch_row\u00bb content_placement=\u00bbmiddle\u00bb el_class=\u00bbmenu-wrapper-box mnu\u00bb css=\u00bb.vc_custom_1747806779564{background-color: #000000 !important;background-position: center !important;background-repeat: no-repeat !important;background-size: cover !important;}\u00bb][vc_row content_placement=\u00bbmiddle\u00bb el_class=\u00bbcontainer\u00bb][vc_column width=\u00bb1\/2&#8243; el_class=\u00bbleft-private-details\u00bb][vc_custom_heading text=\u00bb{lang en_GB} PRIVATE DINING &amp; EVENTS {\/lang}{lang es_ES} GRUPOS Y EVENTOS {\/lang}{lang ca} RESERVATS I ESDEVENIMENTS PRIVATS {\/lang}\u00bb font_container=\u00bbtag:h2|text_align:left|color:%23ffffff\u00bb use_theme_fonts=\u00bbyes\u00bb el_class=\u00bbcomman-heading-style\u00bb][vc_column_text content_es_es=\u00bbQ2VsZWJyYSUyMGxvJTIwZXhjbHVzaXZvJTIweSUyMHZpdmUlMjBsbyUyMGV4dHJhb3JkaW5hcmlvLiUwQUVuJTIwTGUlQzMlQjFhJTIwQmFyY2Vsb25hJTIwbm8lMjBzb2xvJTIwdGUlMjBvZnJlY2Vtb3MlMjB1bmElMjBleHBlcmllbmNpYSUyMGN1bGluYXJpYSUyMGRlJTIwbHVqbyUyQyUyMHNpbm8lMjBxdWUlMjB0YW1iaSVDMyVBOW4lMjAlM0NzdHJvbmclM0V0ZSUyMGludml0YW1vcyUyMGElMjBkaXNmcnV0YXIlMjBkZSUyMHVuYSUyMGNlbGVicmFjaSVDMyVCM24lMjBwcml2YWRhJTIwcXVlJTIwc2UlMjBjb252ZXJ0aXIlQzMlQTElMjBlbiUyMGlub2x2aWRhYmxlJTNDJTJGc3Ryb25nJTNFLiUyMFJlJUMzJUJBbmUlMjB5JTIwY2VsZWJyYSUyMGElMjBsbyUyMGdyYW5kZSUyMGVuJTIwdW4lMjBhbWJpZW50ZSUyMCVDMyVCQW5pY28lMkMlMjBkb25kZSUyMGNhZGElMjBkZXRhbGxlJTIwZXN0JUMzJUExJTIwZGlzZSVDMyVCMWFkbyUyMHBhcmElMjBoYWNlciUyMGRlJTIwdHUlMjBldmVudG8lMjB1biUyMG1vbWVudG8lMjBpbm9sdmlkYWJsZQ==\u00bb content_ca=\u00bbQ2VsZWJyYSUyMGwlRTIlODAlOTlleGNsdXNpdSUyMGklMjB2aXUlMjBsJUUyJTgwJTk5ZXh0cmFvcmRpbmFyaS4lMEElMEFBJTIwTGUlQzMlQjFhJTIwQmFyY2Vsb25hJTJDJTIwbm8lMjBub20lQzMlQTlzJTIwdCVFMiU4MCU5OW9mZXJpbSUyMHVuYSUyMGV4cGVyaSVDMyVBOG5jaWElMjBjdWxpbiVDMyVBMHJpYSUyMGRlJTIwbHV4ZSUyQyUyMHNpbiVDMyVCMyUyMHF1ZSUyMHRhbWIlQzMlQTklMjBldCUyMCUzQ3N0cm9uZyUzRWNvbnZpZGVtJTIwYSUyMGdhdWRpciUyMGQlRTIlODAlOTl1bmElMjBjZWxlYnJhY2klQzMlQjMlMjBwcml2YWRhJTIwcXVlJTIwZXMlMjBjb252ZXJ0aXIlQzMlQTAlMjBlbiUyMGlub2JsaWRhYmxlJTNDJTJGc3Ryb25nJTNFLiUyMFJldW5laXgtdGUlMjBpJTIwY2VsZWJyYSUyMGFtYiUyMGVzdGlsJTIwZW4lMjB1biUyMGFtYmllbnQlMjAlQzMlQkFuaWMlMkMlMjBvbiUyMGNhZGElMjBkZXRhbGwlMjBlc3QlQzMlQTAlMjBkaXNzZW55YXQlMjBwZXIlMjBmZXIlMjBkZWwlMjB0ZXUlMjBlc2RldmVuaW1lbnQlMjB1biUyMG1vbWVudCUyMG1lbW9yYWJsZS4=\u00bb el_class=\u00bbcomman-content\u00bb]Celebrate the exclusive and experience the extraordinary.<br \/>\nAt Le\u00f1a Barcelona, we don&#8217;t just offer a luxury culinary experience, but also invite you to <strong>enjoy a private celebration that will become unforgettable<\/strong>. Gather and celebrate in style in a unique atmosphere, where every detail is designed to make your event a memorable moment.[\/vc_column_text][vc_column_text content_es_es=\u00bbTSVDMyVCQXNpY2ElMjBleGNsdXNpdmElMkMlMjBwbGF0b3MlMjAlQzMlQkFuaWNvcyUyQyUyMHklMjB1biUyMHNlcnZpY2lvJTIwaW1wZWNhYmxlJTJDJTIwdG9kbyUyMGVuJTIwZWwlMjBsdWdhciUyMHBlcmZlY3RvJTIwJTNDc3Ryb25nJTNFcGFyYSUyMHF1aWVuZXMlMjBidXNjYW4lMjBhbGdvJTIwbSVDMyVBMXMlMjBhbGwlQzMlQTElMjBkZSUyMGxvJTIwb3JkaW5hcmlvJTNDJTJGc3Ryb25nJTNFLiUyMFBvcnF1ZSUyMHR1JTIwb2Nhc2klQzMlQjNuJTIwZXNwZWNpYWwlMjBtZXJlY2UlMjBhbGdvJTIwcmVhbG1lbnRlJTIwZGlmZXJlbnRlLiUwQSUwQVNvbG8lMjBlbiUyMExlJUMzJUIxYSUyQyUyMCUzQ3N0cm9uZyUzRWRvbmRlJTIwbGElMjBleGNsdXNpdmlkYWQlMjB5JTIwZWwlMjBidWVuJTIwZ3VzdG8lMjBzZSUyMGVuY3VlbnRyYW4lM0MlMkZzdHJvbmclM0UuJTIwUmVzZXJ2YSUyMHR1JTIwZmVjaGElMjBhaG9yYSUyMHklMjBoYXolMjBxdWUlMjB0dSUyMGV2ZW50byUyMHNlJTIwY29udmllcnRhJTIwZW4lMjAlQzMlQkFuaWNvLg==\u00bb content_ca=\u00bbTSVDMyVCQXNpY2ElMjBleGNsdXNpdmElMkMlMjBwbGF0cyUyMCVDMyVCQW5pY3MlMjBpJTIwdW4lMjBzZXJ2ZWklMjBpbXBlY2FibGUlMkMlMjB0b3QlMjBlbiUyMGVsJTIwbGxvYyUyMHBlcmZlY3RlJTIwcGVyJTIwYSUyMCUzQ3N0cm9uZyUzRWFxdWVsbHMlMjBxdWUlMjBidXNxdWVuJTIwYWxndW5hJTIwY29zYSUyMG0lQzMlQTlzJTIwZW5sbCVDMyVBMCUyMGRlJTIwbCUyN29yZGluYXJpJTNDJTJGc3Ryb25nJTNFLiUyMFBlcnF1JUMzJUE4JTIwbGElMjB0ZXZhJTIwb2Nhc2klQzMlQjMlMjBlc3BlY2lhbCUyMG1lcmVpeCUyMGFsZ3VuYSUyMGNvc2ElMjByZWFsbWVudCUyMGRpZmVyZW50LiUwQSUwQU5vbSVDMyVBOXMlMjBhJTIwTGUlQzMlQjFhJTJDJTIwJTNDc3Ryb25nJTNFb24lMjBsJUUyJTgwJTk5ZXhjbHVzaXZpdGF0JTIwaSUyMGVsJTIwYm9uJTIwZ3VzdCUyMGVzJTIwdHJvYmVuJTNDJTJGc3Ryb25nJTNFLiUyMFJlc2VydmElMjBsYSUyMHRldmElMjBkYXRhJTIwYXJhJTIwaSUyMGZlcyUyMHF1ZSUyMGVsJTIwdGV1JTIwZXNkZXZlbmltZW50JTIwc2lndWklMjByZWFsbWVudCUyMCVDMyVCQW5pYy4=\u00bb el_class=\u00bbcomman-content\u00bb]Exclusive music, unique dishes, and impeccable service, all in the perfect place <strong>for those seeking something beyond the ordinary<\/strong>. Because your special occasion deserves something truly different.<\/p>\n<p>Only at Le\u00f1a, <strong>where exclusivity and good taste come together<\/strong>. Book your date now and make your event truly one-of-a-kind.[\/vc_column_text][vc_row_inner][vc_column_inner width=\u00bb1\/6&#8243; offset=\u00bbvc_col-xs-6&#8243;][vc_btn title=\u00bbBook Now\u00bb title_es_es=\u00bbReserva Ya\u00bb link_es_es=\u00bburl:%23reservation_form\u00bb title_ca=\u00bbReserva Ara\u00bb link_ca=\u00bburl:%23reservation_form\u00bb link=\u00bburl:%23reservation_form\u00bb el_class=\u00bb.comman-btn\u00bb][\/vc_column_inner][vc_column_inner width=\u00bb1\/6&#8243;][\/vc_column_inner][vc_column_inner width=\u00bb1\/6&#8243; offset=\u00bbvc_col-xs-6&#8243;][vc_btn title=\u00bb360 Tour\u00bb title_es_es=\u00bb360 Tour\u00bb link_es_es=\u00bburl:https%3A%2F%2Fmy.matterport.com%2Fshow%2F%3Fm%3Dkuuo4KHtNVv%26cloudEdit%3D1%26ss%3D31%26sr%3D-.04%2C.69%26play%3D1%26title%3D0|target:_blank\u00bb title_ca=\u00bb360 Tour\u00bb link_ca=\u00bburl:https%3A%2F%2Fmy.matterport.com%2Fshow%2F%3Fm%3Dkuuo4KHtNVv%26cloudEdit%3D1%26ss%3D31%26sr%3D-.04%2C.69%26play%3D1%26title%3D0|target:_blank\u00bb link=\u00bburl:https%3A%2F%2Fmy.matterport.com%2Fshow%2F%3Fm%3Dkuuo4KHtNVv%26cloudEdit%3D1%26ss%3D31%26sr%3D-.04%2C.69%26play%3D1%26title%3D0|target:_blank\u00bb el_class=\u00bb.comman-btn\u00bb][\/vc_column_inner][vc_column_inner width=\u00bb1\/6&#8243;][\/vc_column_inner][vc_column_inner width=\u00bb1\/6&#8243;][\/vc_column_inner][vc_column_inner width=\u00bb1\/6&#8243;][\/vc_column_inner][\/vc_row_inner][\/vc_column][vc_column width=\u00bb1\/2&#8243; el_class=\u00bbright-slider-wrapper column-img content pt-mobile-comman\u00bb][vc_single_image image=\u00bb3638&#8243; img_size=\u00bbfull\u00bb alignment=\u00bbright\u00bb][\/vc_column][\/vc_row][\/vc_section][vc_section full_width=\u00bbstretch_row\u00bb el_class=\u00bbprivate-dining-wrapper\u00bb][vc_row el_class=\u00bbcontainer\u00bb][vc_column][vc_custom_heading text=\u00bb{lang en_GB} EVENTS AND EXCLUSIVE HIRE {\/lang}{lang es_ES} RESERVADOS Y EVENTOS {\/lang}{lang ca} ESDEVENIMENTS I EXCLUSIVITATS {\/lang}\u00bb font_container=\u00bbtag:h2|text_align:right\u00bb use_theme_fonts=\u00bbyes\u00bb el_class=\u00bbcomman-heading right-heading\u00bb][vc_column_text content_es_es=\u00bbRGVzY3VicmUlMjBudWVzdHJvcyUyMGVzcGFjaW9zJTIwcGFyYSUyMGNlbGVicmFyJTIwdW5hJTIwb2Nhc2klQzMlQjNuJTIwZXNwZWNpYWwlMjBlbiUyMGdydXBvLg==\u00bb content_ca=\u00bbRGVzY29icmVpeCUyMGVscyUyMG5vc3RyZXMlMjBlc3BhaXMlMjBwZXIlMjBjZWxlYnJhciUyMHVuYSUyMG9jYXNpJUMzJUIzJTIwZXNwZWNpYWwlMjBlbiUyMGdydXAu\u00bb el_class=\u00bbcomman-content\u00bb]<span data-sheets-root=\"1\">Discover our spaces to celebrate a special occasion as a group.<\/span>[\/vc_column_text][vc_column_text]    <div class=\"slider-one owl-carousel owl-theme\">\n                    <div class=\"item\">\n                <article>\n                    <img decoding=\"async\" width=\"658\" height=\"384\" src=\"https:\/\/lenarestaurants.com\/wp-content\/uploads\/2024\/12\/LNBCN_private-dining-1-1.jpg\" class=\"attachment-full size-full wp-post-image\" alt=\"\" srcset=\"https:\/\/lenarestaurants.com\/wp-content\/uploads\/2024\/12\/LNBCN_private-dining-1-1.jpg 658w, https:\/\/lenarestaurants.com\/wp-content\/uploads\/2024\/12\/LNBCN_private-dining-1-1-300x175.jpg 300w\" sizes=\"(max-width: 658px) 100vw, 658px\" style=\"width:100%;height:58.36%;max-width:658px;\" title=\"\">                    <div class=\"space_content\">\n                        <h4><a href=\"https:\/\/lenarestaurants.com\/es\/barcelona\/group-dining\/reservados\/\">RESERVADOS<\/a><\/h4>\n                        <p> Descubre nuestro reservado, el espacio perfecto para grupos peque\u00f1os que buscan disfrutar de una experiencia \u00fanica y privada.                        <\/p>\n                                                <div class=\"comman-btn\">\n                            <a href=\"https:\/\/lenarestaurants.com\/es\/barcelona\/group-dining\/reservados\/\">\n                                                                {lang en_GB} See More {\/lang}{lang es_ES} Ver M\u00e1s {\/lang}{lang ca} Veure M\u00e9s{\/lang}\n                            <\/a>\n                        <\/div>\n                        \n                    <\/div>\n                <\/article>\n\n\n            <\/div>\n                        <div class=\"item\">\n                <article>\n                    <img decoding=\"async\" width=\"658\" height=\"384\" src=\"https:\/\/lenarestaurants.com\/wp-content\/uploads\/2024\/12\/LNBCN_group-dining-1-1.jpg\" class=\"attachment-full size-full wp-post-image\" alt=\"\" srcset=\"https:\/\/lenarestaurants.com\/wp-content\/uploads\/2024\/12\/LNBCN_group-dining-1-1.jpg 658w, https:\/\/lenarestaurants.com\/wp-content\/uploads\/2024\/12\/LNBCN_group-dining-1-1-300x175.jpg 300w\" sizes=\"(max-width: 658px) 100vw, 658px\" style=\"width:100%;height:58.36%;max-width:658px;\" title=\"\">                    <div class=\"space_content\">\n                        <h4><a href=\"https:\/\/lenarestaurants.com\/es\/barcelona\/group-dining\/grupos\/\">GRUPOS<\/a><\/h4>\n                        <p> Sum\u00e9rgete en un ambiente acogedor y sofisticado, donde cada rinc\u00f3n est\u00e1 pensado para que tu velada sea inolvidable. Se requiere un m\u00ednimo de 12 personas.                        <\/p>\n                                                <div class=\"comman-btn\">\n                            <a href=\"https:\/\/lenarestaurants.com\/es\/barcelona\/group-dining\/grupos\/\">\n                                                                {lang en_GB} See More {\/lang}{lang es_ES} Ver M\u00e1s {\/lang}{lang ca} Veure M\u00e9s {\/lang}\n                            <\/a>\n                        <\/div>\n                        \n                    <\/div>\n                <\/article>\n\n\n            <\/div>\n                        <div class=\"item\">\n                <article>\n                    <img decoding=\"async\" width=\"658\" height=\"382\" src=\"https:\/\/lenarestaurants.com\/wp-content\/uploads\/2024\/12\/LNBCN_exclusive-hire-1-2.jpg\" class=\"attachment-full size-full wp-post-image\" alt=\"\" srcset=\"https:\/\/lenarestaurants.com\/wp-content\/uploads\/2024\/12\/LNBCN_exclusive-hire-1-2.jpg 658w, https:\/\/lenarestaurants.com\/wp-content\/uploads\/2024\/12\/LNBCN_exclusive-hire-1-2-300x174.jpg 300w\" sizes=\"(max-width: 658px) 100vw, 658px\" style=\"width:100%;height:58.05%;max-width:658px;\" title=\"\">                    <div class=\"space_content\">\n                        <h4><a href=\"https:\/\/lenarestaurants.com\/es\/barcelona\/group-dining\/uso-exclusivo\/\">USO EXCLUSIVO<\/a><\/h4>\n                        <p> Descubre nuestros espacios para celebrar una ocasi\u00f3n especial en grupo.                        <\/p>\n                                                <div class=\"comman-btn\">\n                            <a href=\"https:\/\/lenarestaurants.com\/es\/barcelona\/group-dining\/uso-exclusivo\/\">\n                                                                {lang en_GB} See More {\/lang}{lang es_ES} Ver M\u00e1s {\/lang}{lang ca} Veure M\u00e9s{\/lang} \n                            <\/a>\n                        <\/div>\n                        \n                    <\/div>\n                <\/article>\n\n\n            <\/div>\n                <\/div>\n    [\/vc_column_text][\/vc_column][\/vc_row][\/vc_section][vc_section full_width=\u00bbstretch_row\u00bb el_class=\u00bbsingle-room-contact-form white-text-calender\u00bb css=\u00bb.vc_custom_1742387474368{background-color: #000000 !important;}\u00bb el_id=\u00bbreservation_form\u00bb][vc_row el_class=\u00bbcontainer\u00bb][vc_column][vc_custom_heading text=\u00bb{lang en_GB} Reservation {\/lang}{lang es_ES} Reserva {\/lang}{lang ca} Reserva {\/lang}\u00bb font_container=\u00bbtag:h2|text_align:center\u00bb use_theme_fonts=\u00bbyes\u00bb][\/vc_column][\/vc_row][vc_row el_class=\u00bbcontainer\u00bb][vc_column]\n<div class=\"wpcf7 no-js\" id=\"wpcf7-f391-o1\" lang=\"en-GB\" dir=\"ltr\" data-wpcf7-id=\"391\">\n<div class=\"screen-reader-response\"><p role=\"status\" aria-live=\"polite\" aria-atomic=\"true\"><\/p> <ul><\/ul><\/div>\n<form action=\"\/es\/wp-json\/wp\/v2\/pages\/25#wpcf7-f391-o1\" method=\"post\" class=\"wpcf7-form init\" aria-label=\"Contact form\" novalidate=\"novalidate\" data-status=\"init\">\n<fieldset class=\"hidden-fields-container\"><input type=\"hidden\" name=\"_wpcf7\" value=\"391\" \/><input type=\"hidden\" name=\"_wpcf7_version\" value=\"6.1.5\" \/><input type=\"hidden\" name=\"_wpcf7_locale\" value=\"en_GB\" \/><input type=\"hidden\" name=\"_wpcf7_unit_tag\" value=\"wpcf7-f391-o1\" \/><input type=\"hidden\" name=\"_wpcf7_container_post\" value=\"0\" \/><input type=\"hidden\" name=\"_wpcf7_posted_data_hash\" value=\"\" \/><input type=\"hidden\" name=\"_wpcf7_recaptcha_response\" value=\"\" \/>\n<\/fieldset>\n<div class=\"vc_row wpb_row vc_row-fluid container\">\n\t<div class=\"wpb_column vc_column_container vc_col-sm-5\">\n\t\t<div class=\"vc_column-inner\">\n\t\t\t<div class=\"calendar\">\n\t\t\t<\/div>\n\t\t\t<p><span class=\"wpcf7-form-control-wrap\" data-name=\"text-906\"><input size=\"40\" maxlength=\"400\" class=\"wpcf7-form-control wpcf7-text wpcf7-validates-as-required reservation_date\" aria-required=\"true\" aria-invalid=\"false\" value=\"\" type=\"text\" name=\"text-906\" \/><\/span>\n\t\t\t<\/p>\n\t\t<\/div>\n\t<\/div>\n\t<div class=\"right-contact-form-boxs wpb_column vc_column_container vc_col-sm-7\">\n\t\t<div class=\"vc_column-inner\">\n\t\t\t<div class=\"row\">\n\t\t\t\t<div class=\"col-md-6\">\n\t\t\t\t\t<div class=\"form-widget\">\n\t\t\t\t\t\t<p><span class=\"wpcf7-form-control-wrap\" data-name=\"First-Name\"><input size=\"40\" maxlength=\"400\" class=\"wpcf7-form-control wpcf7-text wpcf7-validates-as-required\" aria-required=\"true\" aria-invalid=\"false\" placeholder=\"First Name\" value=\"\" type=\"text\" name=\"First-Name\" \/><\/span>\n\t\t\t\t\t\t<\/p>\n\t\t\t\t\t<\/div>\n\t\t\t\t<\/div>\n\t\t\t\t<div class=\"col-md-6\">\n\t\t\t\t\t<div class=\"form-widget type-of-enquiry-room\">\n\t\t\t\t\t\t<p><span class=\"wpcf7-form-control-wrap\" data-name=\"select-197\"><select class=\"wpcf7-form-control wpcf7-select wpcf7-validates-as-required\" aria-required=\"true\" aria-invalid=\"false\" name=\"select-197\"><option value=\"Private Dining\">Private Dining<\/option><option value=\"Group Dining\">Group Dining<\/option><option value=\"Exclusive Hire\">Exclusive Hire<\/option><\/select><\/span>\n\t\t\t\t\t\t<\/p>\n\t\t\t\t\t<\/div>\n\t\t\t\t<\/div>\n\t\t\t\t<div class=\"col-md-6\">\n\t\t\t\t\t<div class=\"form-widget\">\n\t\t\t\t\t\t<p><span class=\"wpcf7-form-control-wrap\" data-name=\"Surname\"><input size=\"40\" maxlength=\"400\" class=\"wpcf7-form-control wpcf7-text wpcf7-validates-as-required\" aria-required=\"true\" aria-invalid=\"false\" placeholder=\"Surname\" value=\"\" type=\"text\" name=\"Surname\" \/><\/span>\n\t\t\t\t\t\t<\/p>\n\t\t\t\t\t<\/div>\n\t\t\t\t<\/div>\n\t\t\t\t<div class=\"col-md-6\">\n\t\t\t\t\t<div class=\"form-widget\">\n\t\t\t\t\t\t<p><span class=\"wpcf7-form-control-wrap\" data-name=\"Time\"><input size=\"40\" maxlength=\"400\" class=\"wpcf7-form-control wpcf7-text reservation_time\" aria-invalid=\"false\" placeholder=\"Time\" value=\"\" type=\"text\" name=\"Time\" \/><\/span>\n\t\t\t\t\t\t<\/p>\n\t\t\t\t\t<\/div>\n\t\t\t\t<\/div>\n\t\t\t\t<div class=\"col-md-6\">\n\t\t\t\t\t<div class=\"form-widget\">\n\t\t\t\t\t\t<p><span class=\"wpcf7-form-control-wrap\" data-name=\"email-207\"><input size=\"40\" maxlength=\"400\" class=\"wpcf7-form-control wpcf7-email wpcf7-validates-as-required wpcf7-text wpcf7-validates-as-email\" aria-required=\"true\" aria-invalid=\"false\" placeholder=\"Email\" value=\"\" type=\"email\" name=\"email-207\" \/><\/span>\n\t\t\t\t\t\t<\/p>\n\t\t\t\t\t<\/div>\n\t\t\t\t<\/div>\n\t\t\t\t<div class=\"col-md-6\">\n\t\t\t\t\t<div class=\"form-widget\">\n\t\t\t\t\t\t<p><span class=\"wpcf7-form-control-wrap\" data-name=\"guest\"><input size=\"40\" maxlength=\"400\" class=\"wpcf7-form-control wpcf7-text wpcf7-validates-as-required\" aria-required=\"true\" aria-invalid=\"false\" placeholder=\"Guests\" value=\"\" type=\"text\" name=\"guest\" \/><\/span>\n\t\t\t\t\t\t<\/p>\n\t\t\t\t\t<\/div>\n\t\t\t\t<\/div>\n\t\t\t\t<div class=\"col-md-6\">\n\t\t\t\t\t<div class=\"form-widget\">\n\t\t\t\t\t\t<p><span class=\"wpcf7-form-control-wrap\" data-name=\"Location\"><input size=\"40\" maxlength=\"400\" class=\"wpcf7-form-control wpcf7-text\" aria-invalid=\"false\" value=\"Le\u00f1a Barcelona\" type=\"text\" name=\"Location\" \/><\/span>\n\t\t\t\t\t\t<\/p>\n\t\t\t\t\t<\/div>\n\t\t\t\t<\/div>\n\t\t\t\t<div class=\"col-md-6\">\n\t\t\t\t\t<div class=\"form-widget\">\n\t\t\t\t\t\t<p><span class=\"wpcf7-form-control-wrap\" data-name=\"additional-Info\"><textarea cols=\"40\" rows=\"10\" maxlength=\"2000\" class=\"wpcf7-form-control wpcf7-textarea\" aria-invalid=\"false\" placeholder=\"Additional Information\" name=\"additional-Info\"><\/textarea><\/span>\n\t\t\t\t\t\t<\/p>\n\t\t\t\t\t<\/div>\n\t\t\t\t<\/div>\n\t\t\t\t<div class=\"col-md-6 ml-auto\">\n\t\t\t\t\t<div class=\"sub_btn\">\n\t\t\t\t\t\t<p><input class=\"wpcf7-form-control wpcf7-submit has-spinner\" type=\"submit\" value=\"Submit\" \/>\n\t\t\t\t\t\t<\/p>\n\t\t\t\t\t<\/div>\n\t\t\t\t<\/div>\n\t\t\t<\/div>\n\t\t<\/div>\n\t<\/div>\n<\/div><div class=\"wpcf7-response-output\" aria-hidden=\"true\"><\/div>\n<\/form>\n<\/div>\n[\/vc_column][\/vc_row][\/vc_section][vc_section el_class=\u00bbinstagram-wrapper-box\u00bb][vc_row][vc_column][vc_single_image image=\u00bb97&#8243; img_size=\u00bbfull\u00bb alignment=\u00bbcenter\u00bb][\/vc_column][\/vc_row][\/vc_section]<\/p>\n<\/section>","protected":false},"excerpt":{"rendered":"<p>[vc_section full_width=\u00bbstretch_row\u00bb el_class=\u00bbhero-wrapper inner-page-hero\u00bb css=\u00bb.vc_custom_1752836353284{background-image: url(https:\/\/lenarestaurants.com\/wp-content\/uploads\/2025\/07\/LNBCN_groups_header2.jpg?id=3314) !important;}\u00bb][vc_row el_class=\u00bbcontent-box container\u00bb][vc_column][vc_custom_heading text=\u00bb{lang en_GB} PRIVATE DINING &amp; EVENTS {\/lang}{lang es_ES} GRUPOS Y EVENTOS {\/lang}{lang ca} RESERVATS I ESDEVENIMENTS PRIVATS {\/lang}\u00bb font_container=\u00bbtag:div|text_align:center\u00bb use_theme_fonts=\u00bbyes\u00bb el_class=\u00bbgdgh1&#8243;][\/vc_column][\/vc_row][\/vc_section][vc_section full_width=\u00bbstretch_row\u00bb content_placement=\u00bbmiddle\u00bb el_class=\u00bbmenu-wrapper-box mnu\u00bb css=\u00bb.vc_custom_1747806779564{background-color: #000000 !important;background-position: center !important;background-repeat: no-repeat !important;background-size: cover !important;}\u00bb][vc_row content_placement=\u00bbmiddle\u00bb el_class=\u00bbcontainer\u00bb][vc_column width=\u00bb1\/2&#8243; el_class=\u00bbleft-private-details\u00bb][vc_custom_heading text=\u00bb{lang en_GB} PRIVATE DINING &amp; EVENTS {\/lang}{lang es_ES}&hellip; <a class=\"more-link\" href=\"https:\/\/lenarestaurants.com\/es\/barcelona\/group-dining\/uso-exclusivo\/\">Continue reading <span class=\"screen-reader-text\">USO EXCLUSIVO<\/span><\/a><\/p>\n","protected":false},"author":1,"featured_media":0,"parent":19,"menu_order":2,"comment_status":"closed","ping_status":"closed","template":"","meta":{"footnotes":""},"class_list":["post-25","page","type-page","status-publish","hentry","entry"],"_links":{"self":[{"href":"https:\/\/lenarestaurants.com\/es\/wp-json\/wp\/v2\/pages\/25","targetHints":{"allow":["GET"]}}],"collection":[{"href":"https:\/\/lenarestaurants.com\/es\/wp-json\/wp\/v2\/pages"}],"about":[{"href":"https:\/\/lenarestaurants.com\/es\/wp-json\/wp\/v2\/types\/page"}],"author":[{"embeddable":true,"href":"https:\/\/lenarestaurants.com\/es\/wp-json\/wp\/v2\/users\/1"}],"replies":[{"embeddable":true,"href":"https:\/\/lenarestaurants.com\/es\/wp-json\/wp\/v2\/comments?post=25"}],"version-history":[{"count":57,"href":"https:\/\/lenarestaurants.com\/es\/wp-json\/wp\/v2\/pages\/25\/revisions"}],"predecessor-version":[{"id":3967,"href":"https:\/\/lenarestaurants.com\/es\/wp-json\/wp\/v2\/pages\/25\/revisions\/3967"}],"up":[{"embeddable":true,"href":"https:\/\/lenarestaurants.com\/es\/wp-json\/wp\/v2\/pages\/19"}],"wp:attachment":[{"href":"https:\/\/lenarestaurants.com\/es\/wp-json\/wp\/v2\/media?parent=25"}],"curies":[{"name":"wp","href":"https:\/\/api.w.org\/{rel}","templated":true}]}}